{"id":3333,"date":"2024-03-02T21:57:49","date_gmt":"2024-03-02T20:57:49","guid":{"rendered":"https:\/\/avemfund.eu\/pl\/?page_id=3333"},"modified":"2024-03-04T16:08:15","modified_gmt":"2024-03-04T15:08:15","slug":"inwestycje-alternatywne","status":"publish","type":"page","link":"https:\/\/avemfund.eu\/pl\/inwestycje\/inwestycje-alternatywne\/","title":{"rendered":"Inwestycje alternatywne"},"content":{"rendered":"\t\t<div data-elementor-type=\"wp-page\" data-elementor-id=\"3333\" class=\"elementor elementor-3333\">\n\t\t\t\t\t\t<section class=\"elementor-section elementor-top-section elementor-element elementor-element-476dd9b2 elementor-section-full_width elementor-section-height-min-height elementor-section-height-default elementor-section-items-middle exad-glass-effect-no exad-sticky-section-no\" data-id=\"476dd9b2\" data-element_type=\"section\" data-e-type=\"section\" data-settings=\"{&quot;background_background&quot;:&quot;classic&quot;}\">\n\t\t\t\t\t\t<div class=\"elementor-container elementor-column-gap-default\">\n\t\t\t\t\t<div class=\"elementor-column elementor-col-100 elementor-top-column elementor-element elementor-element-66473a08 exad-glass-effect-no exad-sticky-section-no\" data-id=\"66473a08\" data-element_type=\"column\" data-e-type=\"column\">\n\t\t\t<div class=\"elementor-widget-wrap elementor-element-populated\">\n\t\t\t\t\t\t<div class=\"elementor-element elementor-element-7ffe8cff exad-sticky-section-no exad-glass-effect-no elementor-widget elementor-widget-heading\" data-id=\"7ffe8cff\" data-element_type=\"widget\" data-e-type=\"widget\" data-widget_type=\"heading.default\">\n\t\t\t\t<div class=\"elementor-widget-container\">\n\t\t\t\t\t<h1 class=\"elementor-heading-title elementor-size-default\">Inwestycje alternatywne<\/h1>\t\t\t\t<\/div>\n\t\t\t\t<\/div>\n\t\t\t\t\t<\/div>\n\t\t<\/div>\n\t\t\t\t\t<\/div>\n\t\t<\/section>\n\t\t\t\t<section class=\"elementor-section elementor-top-section elementor-element elementor-element-eb81d9b elementor-section-boxed elementor-section-height-default elementor-section-height-default exad-glass-effect-no exad-sticky-section-no\" data-id=\"eb81d9b\" data-element_type=\"section\" data-e-type=\"section\">\n\t\t\t\t\t\t<div class=\"elementor-container elementor-column-gap-default\">\n\t\t\t\t\t<div class=\"elementor-column elementor-col-100 elementor-top-column elementor-element elementor-element-18ad9ec exad-glass-effect-no exad-sticky-section-no\" data-id=\"18ad9ec\" data-element_type=\"column\" data-e-type=\"column\">\n\t\t\t<div class=\"elementor-widget-wrap elementor-element-populated\">\n\t\t\t\t\t\t<div class=\"elementor-element elementor-element-80ae525 exad-sticky-section-no exad-glass-effect-no elementor-widget elementor-widget-spacer\" data-id=\"80ae525\" data-element_type=\"widget\" data-e-type=\"widget\" data-widget_type=\"spacer.default\">\n\t\t\t\t<div class=\"elementor-widget-container\">\n\t\t\t\t\t\t\t<div class=\"elementor-spacer\">\n\t\t\t<div class=\"elementor-spacer-inner\"><\/div>\n\t\t<\/div>\n\t\t\t\t\t\t<\/div>\n\t\t\t\t<\/div>\n\t\t\t\t<div class=\"elementor-element elementor-element-3d5fab0 exad-sticky-section-no exad-glass-effect-no elementor-widget elementor-widget-text-editor\" data-id=\"3d5fab0\" data-element_type=\"widget\" data-e-type=\"widget\" data-widget_type=\"text-editor.default\">\n\t\t\t\t<div class=\"elementor-widget-container\">\n\t\t\t\t\t\t\t\t\t\n<p class=\"own-page-p\"><span style=\"font-size: 14pt;\">Inwestycje alternatywne s\u0105 jedn\u0105 z najszybciej rozwijaj\u0105cych si\u0119 dziedzin finans\u00f3w i przewiduje si\u0119, \u017ce do 2023 r. <a href=\"https:\/\/docs.preqin.com\/reports\/Preqin-Future-of-Alternatives-Report-October-2018.pdf\">osi\u0105gn\u0105 warto\u015b\u0107 14 bilion\u00f3w dolar\u00f3w w zarz\u0105dzanych aktywach (pdf).<\/a><\/span><\/p><p class=\"own-page-p\">\n<span style=\"font-size: 10pt;\">W miar\u0119 jak krajobraz rynkowy ewoluuje, inwestorzy staj\u0105 si\u0119 coraz bardziej wyrafinowani i domagaj\u0105 si\u0119 dost\u0119pu do alternatywnych strategii inwestycyjnych, kt\u00f3re w przesz\u0142o\u015bci by\u0142y dost\u0119pne tylko dla instytucji i najbogatszych os\u00f3b.<\/span><\/p>\n\n<p class=\"own-page-p\">Alternatywna klasa aktyw\u00f3w inwestycyjnych obejmuje wszelkie aktywa poza akcjami, obligacjami i got\u00f3wk\u0105, kt\u00f3re s\u0105 okre\u015blane jako tradycyjne inwestycje. Na stale zmieniaj\u0105cym si\u0119 rynku dywersyfikacja portfela w celu uwzgl\u0119dnienia zar\u00f3wno tradycyjnych, jak i alternatywnych inwestycji mo\u017ce by\u0107 m\u0105dr\u0105 decyzj\u0105.\n<\/p>\n<p class=\"own-page-p\">W przeciwie\u0144stwie do tradycyjnych klas aktyw\u00f3w, <a href=\"https:\/\/online.hbs.edu\/blog\/post\/what-are-alternative-investments\">inwestycje alternatywne<\/a> s\u0105 niep\u0142ynne &#8211; co oznacza, \u017ce nie mo\u017cna ich \u0142atwo zamieni\u0107 na got\u00f3wk\u0119. Cz\u0119sto maj\u0105 r\u00f3wnie\u017c nisk\u0105 korelacj\u0119 z innymi klasami aktyw\u00f3w &#8211; co oznacza, \u017ce poruszaj\u0105 si\u0119 w przeciwnych kierunkach, gdy rynek si\u0119 zmienia &#8211; dzi\u0119ki czemu alternatywy s\u0105 silnym kandydatem do dywersyfikacji portfela.<\/p>\n\n<p class=\"own-page-p\">R\u00f3\u017cne aktywa nale\u017c\u0105 do kategorii inwestycji alternatywnych, a ka\u017cde z nich ma swoje w\u0142asne cechy, mo\u017cliwo\u015bci inwestycyjne i zastrze\u017cenia. Jednym z rodzaj\u00f3w inwestycji alternatywnych jest private equity.<\/p>\t\t\t\t\t\t\t\t<\/div>\n\t\t\t\t<\/div>\n\t\t\t\t<div class=\"elementor-element elementor-element-52b12d7 exad-sticky-section-no exad-glass-effect-no elementor-widget elementor-widget-spacer\" data-id=\"52b12d7\" data-element_type=\"widget\" data-e-type=\"widget\" data-widget_type=\"spacer.default\">\n\t\t\t\t<div class=\"elementor-widget-container\">\n\t\t\t\t\t\t\t<div class=\"elementor-spacer\">\n\t\t\t<div class=\"elementor-spacer-inner\"><\/div>\n\t\t<\/div>\n\t\t\t\t\t\t<\/div>\n\t\t\t\t<\/div>\n\t\t\t\t\t<\/div>\n\t\t<\/div>\n\t\t\t\t\t<\/div>\n\t\t<\/section>\n\t\t\t\t<\/div>\n\t\t","protected":false},"excerpt":{"rendered":"<p>Inwestycje alternatywne Inwestycje alternatywne s\u0105 jedn\u0105 z najszybciej rozwijaj\u0105cych si\u0119 dziedzin finans\u00f3w i przewiduje si\u0119, \u017ce do 2023 r. osi\u0105gn\u0105 warto\u015b\u0107 14 bilion\u00f3w dolar\u00f3w w zarz\u0105dzanych aktywach (pdf). W miar\u0119 jak krajobraz rynkowy ewoluuje, inwestorzy staj\u0105 si\u0119 coraz bardziej wyrafinowani i domagaj\u0105 si\u0119 dost\u0119pu do alternatywnych strategii inwestycyjnych, kt\u00f3re w przesz\u0142o\u015bci by\u0142y dost\u0119pne tylko dla&#8230;<\/p>\n","protected":false},"author":1,"featured_media":0,"parent":2750,"menu_order":0,"comment_status":"closed","ping_status":"closed","template":"elementor_header_footer","meta":{"footnotes":""},"class_list":["post-3333","page","type-page","status-publish","hentry"],"_links":{"self":[{"href":"https:\/\/avemfund.eu\/pl\/wp-json\/wp\/v2\/pages\/3333","targetHints":{"allow":["GET"]}}],"collection":[{"href":"https:\/\/avemfund.eu\/pl\/wp-json\/wp\/v2\/pages"}],"about":[{"href":"https:\/\/avemfund.eu\/pl\/wp-json\/wp\/v2\/types\/page"}],"author":[{"embeddable":true,"href":"https:\/\/avemfund.eu\/pl\/wp-json\/wp\/v2\/users\/1"}],"replies":[{"embeddable":true,"href":"https:\/\/avemfund.eu\/pl\/wp-json\/wp\/v2\/comments?post=3333"}],"version-history":[{"count":40,"href":"https:\/\/avemfund.eu\/pl\/wp-json\/wp\/v2\/pages\/3333\/revisions"}],"predecessor-version":[{"id":3406,"href":"https:\/\/avemfund.eu\/pl\/wp-json\/wp\/v2\/pages\/3333\/revisions\/3406"}],"up":[{"embeddable":true,"href":"https:\/\/avemfund.eu\/pl\/wp-json\/wp\/v2\/pages\/2750"}],"wp:attachment":[{"href":"https:\/\/avemfund.eu\/pl\/wp-json\/wp\/v2\/media?parent=3333"}],"curies":[{"name":"wp","href":"https:\/\/api.w.org\/{rel}","templated":true}]}}