{"id":2658,"date":"2023-06-09T11:45:48","date_gmt":"2023-06-09T09:45:48","guid":{"rendered":"https:\/\/avemfund.eu\/pl\/?page_id=2658"},"modified":"2024-03-02T08:14:32","modified_gmt":"2024-03-02T07:14:32","slug":"walne-zgromadzenia","status":"publish","type":"page","link":"https:\/\/avemfund.eu\/pl\/inwestorzy\/walne-zgromadzenia\/","title":{"rendered":"Walne Zgromadzenia"},"content":{"rendered":"\t\t<div data-elementor-type=\"wp-page\" data-elementor-id=\"2658\" class=\"elementor elementor-2658\">\n\t\t\t\t\t\t<section class=\"elementor-section elementor-top-section elementor-element elementor-element-476dd9b2 elementor-section-full_width elementor-section-height-min-height elementor-section-height-default elementor-section-items-middle exad-glass-effect-no exad-sticky-section-no\" data-id=\"476dd9b2\" data-element_type=\"section\" data-e-type=\"section\" data-settings=\"{&quot;background_background&quot;:&quot;classic&quot;}\">\n\t\t\t\t\t\t<div class=\"elementor-container elementor-column-gap-default\">\n\t\t\t\t\t<div class=\"elementor-column elementor-col-100 elementor-top-column elementor-element elementor-element-66473a08 exad-glass-effect-no exad-sticky-section-no\" data-id=\"66473a08\" data-element_type=\"column\" data-e-type=\"column\">\n\t\t\t<div class=\"elementor-widget-wrap elementor-element-populated\">\n\t\t\t\t\t\t<div class=\"elementor-element elementor-element-7ffe8cff exad-sticky-section-no exad-glass-effect-no elementor-widget elementor-widget-heading\" data-id=\"7ffe8cff\" data-element_type=\"widget\" data-e-type=\"widget\" data-widget_type=\"heading.default\">\n\t\t\t\t<div class=\"elementor-widget-container\">\n\t\t\t\t\t<h1 class=\"elementor-heading-title elementor-size-default\">Walne Zgromadzenie<\/h1>\t\t\t\t<\/div>\n\t\t\t\t<\/div>\n\t\t\t\t\t<\/div>\n\t\t<\/div>\n\t\t\t\t\t<\/div>\n\t\t<\/section>\n\t\t\t\t<section class=\"elementor-section elementor-top-section elementor-element elementor-element-eb81d9b elementor-section-boxed elementor-section-height-default elementor-section-height-default exad-glass-effect-no exad-sticky-section-no\" data-id=\"eb81d9b\" data-element_type=\"section\" data-e-type=\"section\">\n\t\t\t\t\t\t<div class=\"elementor-container elementor-column-gap-default\">\n\t\t\t\t\t<div class=\"elementor-column elementor-col-100 elementor-top-column elementor-element elementor-element-18ad9ec exad-glass-effect-no exad-sticky-section-no\" data-id=\"18ad9ec\" data-element_type=\"column\" data-e-type=\"column\">\n\t\t\t<div class=\"elementor-widget-wrap elementor-element-populated\">\n\t\t\t\t\t\t<div class=\"elementor-element elementor-element-80ae525 exad-sticky-section-no exad-glass-effect-no elementor-widget elementor-widget-spacer\" data-id=\"80ae525\" data-element_type=\"widget\" data-e-type=\"widget\" data-widget_type=\"spacer.default\">\n\t\t\t\t<div class=\"elementor-widget-container\">\n\t\t\t\t\t\t\t<div class=\"elementor-spacer\">\n\t\t\t<div class=\"elementor-spacer-inner\"><\/div>\n\t\t<\/div>\n\t\t\t\t\t\t<\/div>\n\t\t\t\t<\/div>\n\t\t\t\t<div class=\"elementor-element elementor-element-3d5fab0 exad-sticky-section-no exad-glass-effect-no elementor-widget elementor-widget-text-editor\" data-id=\"3d5fab0\" data-element_type=\"widget\" data-e-type=\"widget\" data-widget_type=\"text-editor.default\">\n\t\t\t\t<div class=\"elementor-widget-container\">\n\t\t\t\t\t\t\t\t\t<p style=\"text-align: center;\"><span style=\"font-size: 24pt;\">Najbli\u017csze<\/span><\/p><p style=\"text-align: center;\"><span style=\"font-size: 24pt;\">Zwyczajne Walne Zgromadzenie Akcjonariuszy<\/span><\/p><p style=\"text-align: center;\"><span style=\"font-size: 24pt;\">odb\u0119dzie si\u0119<\/span><\/p><p style=\"text-align: center;\"><strong><span style=\"font-size: 24pt;\">21.06.2023 roku<\/span><\/strong><\/p><p style=\"text-align: center;\"><span style=\"font-size: 24pt;\">w siedzibie Sp\u00f3\u0142ki<\/span><\/p><p style=\"text-align: center;\"><span style=\"font-size: 24pt;\">Serdecznie Zapraszamy Akcjonariuszy.<\/span><\/p>\t\t\t\t\t\t\t\t<\/div>\n\t\t\t\t<\/div>\n\t\t\t\t<div class=\"elementor-element elementor-element-52b12d7 exad-sticky-section-no exad-glass-effect-no elementor-widget elementor-widget-spacer\" data-id=\"52b12d7\" data-element_type=\"widget\" data-e-type=\"widget\" data-widget_type=\"spacer.default\">\n\t\t\t\t<div class=\"elementor-widget-container\">\n\t\t\t\t\t\t\t<div class=\"elementor-spacer\">\n\t\t\t<div class=\"elementor-spacer-inner\"><\/div>\n\t\t<\/div>\n\t\t\t\t\t\t<\/div>\n\t\t\t\t<\/div>\n\t\t\t\t\t<\/div>\n\t\t<\/div>\n\t\t\t\t\t<\/div>\n\t\t<\/section>\n\t\t\t\t<\/div>\n\t\t","protected":false},"excerpt":{"rendered":"<p>Walne Zgromadzenie Najbli\u017csze Zwyczajne Walne Zgromadzenie Akcjonariuszy odb\u0119dzie si\u0119 21.06.2023 roku w siedzibie Sp\u00f3\u0142ki Serdecznie Zapraszamy Akcjonariuszy.<\/p>\n","protected":false},"author":1,"featured_media":0,"parent":2654,"menu_order":1,"comment_status":"closed","ping_status":"closed","template":"elementor_header_footer","meta":{"footnotes":""},"class_list":["post-2658","page","type-page","status-publish","hentry"],"_links":{"self":[{"href":"https:\/\/avemfund.eu\/pl\/wp-json\/wp\/v2\/pages\/2658","targetHints":{"allow":["GET"]}}],"collection":[{"href":"https:\/\/avemfund.eu\/pl\/wp-json\/wp\/v2\/pages"}],"about":[{"href":"https:\/\/avemfund.eu\/pl\/wp-json\/wp\/v2\/types\/page"}],"author":[{"embeddable":true,"href":"https:\/\/avemfund.eu\/pl\/wp-json\/wp\/v2\/users\/1"}],"replies":[{"embeddable":true,"href":"https:\/\/avemfund.eu\/pl\/wp-json\/wp\/v2\/comments?post=2658"}],"version-history":[{"count":12,"href":"https:\/\/avemfund.eu\/pl\/wp-json\/wp\/v2\/pages\/2658\/revisions"}],"predecessor-version":[{"id":3261,"href":"https:\/\/avemfund.eu\/pl\/wp-json\/wp\/v2\/pages\/2658\/revisions\/3261"}],"up":[{"embeddable":true,"href":"https:\/\/avemfund.eu\/pl\/wp-json\/wp\/v2\/pages\/2654"}],"wp:attachment":[{"href":"https:\/\/avemfund.eu\/pl\/wp-json\/wp\/v2\/media?parent=2658"}],"curies":[{"name":"wp","href":"https:\/\/api.w.org\/{rel}","templated":true}]}}