{"id":2656,"date":"2023-06-09T11:43:32","date_gmt":"2023-06-09T09:43:32","guid":{"rendered":"https:\/\/avemfund.eu\/pl\/?page_id=2656"},"modified":"2024-04-30T12:57:00","modified_gmt":"2024-04-30T10:57:00","slug":"rada-nadzorcza","status":"publish","type":"page","link":"https:\/\/avemfund.eu\/pl\/inwestorzy\/rada-nadzorcza\/","title":{"rendered":"Rada Nadzorcza"},"content":{"rendered":"\t\t<div data-elementor-type=\"wp-page\" data-elementor-id=\"2656\" class=\"elementor elementor-2656\">\n\t\t\t\t\t\t<section class=\"elementor-section elementor-top-section elementor-element elementor-element-3afe948c elementor-section-full_width elementor-section-height-min-height elementor-section-height-default elementor-section-items-middle exad-glass-effect-no exad-sticky-section-no\" data-id=\"3afe948c\" data-element_type=\"section\" data-e-type=\"section\" data-settings=\"{&quot;background_background&quot;:&quot;classic&quot;}\">\n\t\t\t\t\t\t<div class=\"elementor-container elementor-column-gap-default\">\n\t\t\t\t\t<div class=\"elementor-column elementor-col-100 elementor-top-column elementor-element elementor-element-598e8489 exad-glass-effect-no exad-sticky-section-no\" data-id=\"598e8489\" data-element_type=\"column\" data-e-type=\"column\">\n\t\t\t<div class=\"elementor-widget-wrap elementor-element-populated\">\n\t\t\t\t\t\t<div class=\"elementor-element elementor-element-78f79602 exad-sticky-section-no exad-glass-effect-no elementor-widget elementor-widget-heading\" data-id=\"78f79602\" data-element_type=\"widget\" data-e-type=\"widget\" data-widget_type=\"heading.default\">\n\t\t\t\t<div class=\"elementor-widget-container\">\n\t\t\t\t\t<h1 class=\"elementor-heading-title elementor-size-default\">Rada Nadzorcza<\/h1>\t\t\t\t<\/div>\n\t\t\t\t<\/div>\n\t\t\t\t\t<\/div>\n\t\t<\/div>\n\t\t\t\t\t<\/div>\n\t\t<\/section>\n\t\t\t\t<section class=\"elementor-section elementor-top-section elementor-element elementor-element-77676c5 elementor-section-boxed elementor-section-height-default elementor-section-height-default exad-glass-effect-no exad-sticky-section-no\" data-id=\"77676c5\" data-element_type=\"section\" data-e-type=\"section\">\n\t\t\t\t\t\t<div class=\"elementor-container elementor-column-gap-default\">\n\t\t\t\t\t<div class=\"elementor-column elementor-col-100 elementor-top-column elementor-element elementor-element-2a186e9b exad-glass-effect-no exad-sticky-section-no\" data-id=\"2a186e9b\" data-element_type=\"column\" data-e-type=\"column\">\n\t\t\t<div class=\"elementor-widget-wrap elementor-element-populated\">\n\t\t\t\t\t\t<div class=\"elementor-element elementor-element-c1e053d exad-sticky-section-no exad-glass-effect-no elementor-widget elementor-widget-spacer\" data-id=\"c1e053d\" data-element_type=\"widget\" data-e-type=\"widget\" data-widget_type=\"spacer.default\">\n\t\t\t\t<div class=\"elementor-widget-container\">\n\t\t\t\t\t\t\t<div class=\"elementor-spacer\">\n\t\t\t<div class=\"elementor-spacer-inner\"><\/div>\n\t\t<\/div>\n\t\t\t\t\t\t<\/div>\n\t\t\t\t<\/div>\n\t\t\t\t<div class=\"elementor-element elementor-element-370b1cc6 exad-sticky-section-no exad-glass-effect-no elementor-widget elementor-widget-spacer\" data-id=\"370b1cc6\" data-element_type=\"widget\" data-e-type=\"widget\" data-widget_type=\"spacer.default\">\n\t\t\t\t<div class=\"elementor-widget-container\">\n\t\t\t\t\t\t\t<div class=\"elementor-spacer\">\n\t\t\t<div class=\"elementor-spacer-inner\"><\/div>\n\t\t<\/div>\n\t\t\t\t\t\t<\/div>\n\t\t\t\t<\/div>\n\t\t\t\t<div class=\"elementor-element elementor-element-59cef98 exad-sticky-section-no exad-glass-effect-no elementor-widget elementor-widget-exad-team-member\" data-id=\"59cef98\" data-element_type=\"widget\" data-e-type=\"widget\" data-widget_type=\"exad-team-member.default\">\n\t\t\t\t<div class=\"elementor-widget-container\">\n\t\t\t\t\t\r\n\t\t<div class=\"exad-team-item\">\r\n\t\t\t<div class=\"exad-team-member exad-center exad-position-left\">\r\n\t\t\t\t\t\t\t\t\t\t\t\t\t\t<div class=\"exad-team-member-thumb\">\r\n\t\t\t\t\t\t\t<img fetchpriority=\"high\" decoding=\"async\" width=\"450\" height=\"364\" src=\"https:\/\/avemfund.eu\/pl\/wp-content\/uploads\/2024\/03\/Krzysztof_Lyskawa-e1709414179132.png\" class=\"attachment-large size-large wp-image-3356\" alt=\"\" srcset=\"https:\/\/avemfund.eu\/pl\/wp-content\/uploads\/2024\/03\/Krzysztof_Lyskawa-e1709414179132.png 450w, https:\/\/avemfund.eu\/pl\/wp-content\/uploads\/2024\/03\/Krzysztof_Lyskawa-e1709414179132-160x129.png 160w, https:\/\/avemfund.eu\/pl\/wp-content\/uploads\/2024\/03\/Krzysztof_Lyskawa-e1709414179132-320x259.png 320w\" sizes=\"(max-width: 450px) 100vw, 450px\" \/>\t\t\t\t\t\t<\/div>\r\n\t\t\t\t\t\r\n\t\t\t\t<div class=\"exad-team-member-content\">\r\n\t\t\t\t\t\t\t\t\t\t\t\t\t\t\t\t<h3 class=\"exad-team-member-name\">\r\n\t\t\t\t\t\t\tDr hab. Krzysztof \u0141yskawa \t\t\t\t\t\t<\/h3>\r\n\t\t\t\t\t\r\n\t\t\t\t\t\t\t\t\t\t\t<span class=\"exad-team-member-designation\">\r\n\t\t\t\t\t\tPrzewodnicz\u0105cy Rady Nadzorczej \t\t\t\t\t\t<\/span>\r\n\t\t\t\t\t\r\n\t\t\t\t\t\t\t\t\t\t\t\t\t\t\t\t<div class=\"exad-team-member-about\">\r\n\t\t\t\t\t\t\u0141\u0105czy do\u015bwiadczenia w \u015brodowiskach akademickich, prywatnych firmach i stowarzyszeniach bran\u017cowych. Od 1998 roku pracuje na rynku ubezpiecze\u0144, w firmach brokerskich. Cz\u0142onek komisji ubezpiecze\u0144 maj\u0105tkowych w Polskiej Izbie Ubezpiecze\u0144 (podkomisja ds. ubezpiecze\u0144 w rolnictwie). Ponadto, by\u0142 cz\u0142onkiem zespo\u0142u, kt\u00f3ry przygotowa\u0142 strategi\u0119 biznesow\u0105 dla PTU SA (obecnie Wiener). Autor ponad 100 prac w dziedzinie ubezpiecze\u0144, wsp\u00f3\u0142autor podr\u0119cznik\u00f3w akademickich. Pracowa\u0142 aktywnie przy realizacji projekt\u00f3w naukowych z zakresu ubezpiecze\u0144 rolnych w Polsce i we W\u0142oszech. Ekspert Krajowej Rady Izb Rolniczych w zakresie ubezpiecze\u0144 w rolnictwie. Reprezentant polskich rolnik\u00f3w w Komitecie Copa Cogeca (Zesp\u00f3\u0142 ds. Ubezpiecze\u0144 i Zarz\u0105dzania Ryzykiem).\t\t\t\t\t\t<\/div>\r\n\t\t\t\t\t\t\t\t\t\t\r\n\t\t\t\t\t\t\t\t\t\t\t<ul class=\"list-inline exad-team-member-social\">\r\n\t\t\t\t\t\t\t\t\r\n\t\t\t\t\t\t\t\t<li>\r\n\t\t\t\t\t\t\t\t\t<a href=\"#\" target=\"_blank\" class=\"exad-social-icon elementor-repeater-item-54aeeb5\">\r\n\t\t\t\t\t\t\t\t\t\t<i aria-hidden=\"true\" class=\"fab fa-facebook-f\"><\/i>\t\t\t\t\t\t\t\t\t<\/a>\r\n\t\t\t\t\t\t\t\t<\/li>\t\r\n\t\t\t\t\t\t\t\t\r\n\t\t\t\t\t\t\t\t<li>\r\n\t\t\t\t\t\t\t\t\t<a href=\"#\" target=\"_blank\" class=\"exad-social-icon elementor-repeater-item-cdbae16\">\r\n\t\t\t\t\t\t\t\t\t\t<i aria-hidden=\"true\" class=\"fab fa-twitter\"><\/i>\t\t\t\t\t\t\t\t\t<\/a>\r\n\t\t\t\t\t\t\t\t<\/li>\t\r\n\t\t\t\t\t\t\t\t\r\n\t\t\t\t\t\t\t\t<li>\r\n\t\t\t\t\t\t\t\t\t<a href=\"#\" target=\"_blank\" class=\"exad-social-icon elementor-repeater-item-aa18e26\">\r\n\t\t\t\t\t\t\t\t\t\t<i aria-hidden=\"true\" class=\"fab fa-linkedin-in\"><\/i>\t\t\t\t\t\t\t\t\t<\/a>\r\n\t\t\t\t\t\t\t\t<\/li>\t\r\n\t\t\t\t\t\t\t\t\r\n\t\t\t\t\t\t\t\t<li>\r\n\t\t\t\t\t\t\t\t\t<a href=\"#\" target=\"_blank\" class=\"exad-social-icon elementor-repeater-item-a9ad359\">\r\n\t\t\t\t\t\t\t\t\t\t<i aria-hidden=\"true\" class=\"fab fa-google-plus-g\"><\/i>\t\t\t\t\t\t\t\t\t<\/a>\r\n\t\t\t\t\t\t\t\t<\/li>\t\r\n\t\t\t\t\t\t\t\t\t\t\t\t\t<\/ul>\r\n\t\t\t\t\t\r\n\t\t\t\t<\/div>\r\n\t\t\t\t\t\r\n\t\t\t<\/div>\r\n\t\t<\/div>\t\r\n\t\t\t\t\t\t<\/div>\n\t\t\t\t<\/div>\n\t\t\t\t<div class=\"elementor-element elementor-element-3984d244 exad-sticky-section-no exad-glass-effect-no elementor-widget elementor-widget-exad-team-member\" data-id=\"3984d244\" data-element_type=\"widget\" data-e-type=\"widget\" data-widget_type=\"exad-team-member.default\">\n\t\t\t\t<div class=\"elementor-widget-container\">\n\t\t\t\t\t\r\n\t\t<div class=\"exad-team-item\">\r\n\t\t\t<div class=\"exad-team-member exad-center exad-position-right\">\r\n\t\t\t\t\t\t\t\t\t\t\t\t\t\t<div class=\"exad-team-member-thumb\">\r\n\t\t\t\t\t\t\t<img decoding=\"async\" width=\"914\" height=\"1280\" src=\"https:\/\/avemfund.eu\/pl\/wp-content\/uploads\/2024\/03\/cyfert_sz.jpg\" class=\"attachment-large size-large wp-image-3363\" alt=\"\" srcset=\"https:\/\/avemfund.eu\/pl\/wp-content\/uploads\/2024\/03\/cyfert_sz.jpg 914w, https:\/\/avemfund.eu\/pl\/wp-content\/uploads\/2024\/03\/cyfert_sz-640x896.jpg 640w, https:\/\/avemfund.eu\/pl\/wp-content\/uploads\/2024\/03\/cyfert_sz-114x160.jpg 114w, https:\/\/avemfund.eu\/pl\/wp-content\/uploads\/2024\/03\/cyfert_sz-768x1076.jpg 768w, https:\/\/avemfund.eu\/pl\/wp-content\/uploads\/2024\/03\/cyfert_sz-320x448.jpg 320w\" sizes=\"(max-width: 914px) 100vw, 914px\" \/>\t\t\t\t\t\t<\/div>\r\n\t\t\t\t\t\r\n\t\t\t\t<div class=\"exad-team-member-content\">\r\n\t\t\t\t\t\t\t\t\t\t\t\t\t\t\t\t<h3 class=\"exad-team-member-name\">\r\n\t\t\t\t\t\t\tProf. dr hab. Szymon Cyfert \t\t\t\t\t\t<\/h3>\r\n\t\t\t\t\t\r\n\t\t\t\t\t\r\n\t\t\t\t\t\t\t\t\t\t\t\t\t\t\t\t<div class=\"exad-team-member-about\">\r\n\t\t\t\t\t\tDwudziestoletnie do\u015bwiadczenie w projektowaniu i wdra\u017caniu system\u00f3w zarz\u0105dzania, strategii rozwoju itp. dla najwi\u0119kszych polskich i mi\u0119dzynarodowych firm takich jak np.: Energa S.A., PGE, Ruch S.A., PKO B.P., Orlen, Lotos, Polmos Pozna\u0144, Fortis Bank, kierownik wielu projekt\u00f3w naukowych z obszaru doskonalenia organizacji, projektowania    i wdra\u017cania strategii, struktur organizacyjnych, kszta\u0142towania proces\u00f3w oraz restrukturyzacji i prywatyzacji przedsi\u0119biorstw. Autor ponad 200 publikacji i monografii naukowych z zakresu zarz\u0105dzania przedsi\u0119biorstwami.\t\t\t\t\t\t<\/div>\r\n\t\t\t\t\t\t\t\t\t\t\r\n\t\t\t\t\t\t\t\t\t\t\t<ul class=\"list-inline exad-team-member-social\">\r\n\t\t\t\t\t\t\t\t\r\n\t\t\t\t\t\t\t\t<li>\r\n\t\t\t\t\t\t\t\t\t<a href=\"#\" target=\"_blank\" class=\"exad-social-icon elementor-repeater-item-54aeeb5\">\r\n\t\t\t\t\t\t\t\t\t\t<i aria-hidden=\"true\" class=\"fab fa-facebook-f\"><\/i>\t\t\t\t\t\t\t\t\t<\/a>\r\n\t\t\t\t\t\t\t\t<\/li>\t\r\n\t\t\t\t\t\t\t\t\r\n\t\t\t\t\t\t\t\t<li>\r\n\t\t\t\t\t\t\t\t\t<a href=\"#\" target=\"_blank\" class=\"exad-social-icon elementor-repeater-item-cdbae16\">\r\n\t\t\t\t\t\t\t\t\t\t<i aria-hidden=\"true\" class=\"fab fa-twitter\"><\/i>\t\t\t\t\t\t\t\t\t<\/a>\r\n\t\t\t\t\t\t\t\t<\/li>\t\r\n\t\t\t\t\t\t\t\t\r\n\t\t\t\t\t\t\t\t<li>\r\n\t\t\t\t\t\t\t\t\t<a href=\"#\" target=\"_blank\" class=\"exad-social-icon elementor-repeater-item-aa18e26\">\r\n\t\t\t\t\t\t\t\t\t\t<i aria-hidden=\"true\" class=\"fab fa-linkedin-in\"><\/i>\t\t\t\t\t\t\t\t\t<\/a>\r\n\t\t\t\t\t\t\t\t<\/li>\t\r\n\t\t\t\t\t\t\t\t\r\n\t\t\t\t\t\t\t\t<li>\r\n\t\t\t\t\t\t\t\t\t<a href=\"#\" target=\"_blank\" class=\"exad-social-icon elementor-repeater-item-a9ad359\">\r\n\t\t\t\t\t\t\t\t\t\t<i aria-hidden=\"true\" class=\"fab fa-google-plus-g\"><\/i>\t\t\t\t\t\t\t\t\t<\/a>\r\n\t\t\t\t\t\t\t\t<\/li>\t\r\n\t\t\t\t\t\t\t\t\t\t\t\t\t<\/ul>\r\n\t\t\t\t\t\r\n\t\t\t\t<\/div>\r\n\t\t\t\t\t\r\n\t\t\t<\/div>\r\n\t\t<\/div>\t\r\n\t\t\t\t\t\t<\/div>\n\t\t\t\t<\/div>\n\t\t\t\t<div class=\"elementor-element elementor-element-e89ad17 exad-sticky-section-no exad-glass-effect-no elementor-widget elementor-widget-spacer\" data-id=\"e89ad17\" data-element_type=\"widget\" data-e-type=\"widget\" data-widget_type=\"spacer.default\">\n\t\t\t\t<div class=\"elementor-widget-container\">\n\t\t\t\t\t\t\t<div class=\"elementor-spacer\">\n\t\t\t<div class=\"elementor-spacer-inner\"><\/div>\n\t\t<\/div>\n\t\t\t\t\t\t<\/div>\n\t\t\t\t<\/div>\n\t\t\t\t<div class=\"elementor-element elementor-element-660f368 exad-sticky-section-no exad-glass-effect-no elementor-widget elementor-widget-exad-team-member\" data-id=\"660f368\" data-element_type=\"widget\" data-e-type=\"widget\" data-widget_type=\"exad-team-member.default\">\n\t\t\t\t<div class=\"elementor-widget-container\">\n\t\t\t\t\t\r\n\t\t<div class=\"exad-team-item\">\r\n\t\t\t<div class=\"exad-team-member exad-center exad-position-left\">\r\n\t\t\t\t\t\t\t\t\t\t\t\t\t\t<div class=\"exad-team-member-thumb\">\r\n\t\t\t\t\t\t\t<img decoding=\"async\" width=\"351\" height=\"292\" src=\"https:\/\/avemfund.eu\/pl\/wp-content\/uploads\/2024\/03\/Rober-Barski-e1709414520784.png\" class=\"attachment-large size-large wp-image-3365\" alt=\"\" srcset=\"https:\/\/avemfund.eu\/pl\/wp-content\/uploads\/2024\/03\/Rober-Barski-e1709414520784.png 351w, https:\/\/avemfund.eu\/pl\/wp-content\/uploads\/2024\/03\/Rober-Barski-e1709414520784-160x133.png 160w, https:\/\/avemfund.eu\/pl\/wp-content\/uploads\/2024\/03\/Rober-Barski-e1709414520784-320x266.png 320w\" sizes=\"(max-width: 351px) 100vw, 351px\" \/>\t\t\t\t\t\t<\/div>\r\n\t\t\t\t\t\r\n\t\t\t\t<div class=\"exad-team-member-content\">\r\n\t\t\t\t\t\t\t\t\t\t\t\t\t\t\t\t<h3 class=\"exad-team-member-name\">\r\n\t\t\t\t\t\t\tDr Robert Barski \t\t\t\t\t\t<\/h3>\r\n\t\t\t\t\t\r\n\t\t\t\t\t\r\n\t\t\t\t\t\t\t\t\t\t\t\t\t\t\t\t<div class=\"exad-team-member-about\">\r\n\t\t\t\t\t\tAdiunkt na Wydziale Technicznym Akademii im. Jakuba z Parady\u017ca w Gorzowie Wielkopolskim, by\u0142y prezes Smart Data Lights Sp. z o.o., specjalista ds. marketingu Winbook Polska sp z o.o., Kotrak S.A. - ekspert ds. elektromobilno\u015bci. Do\u015bwiadczenie jako wieloletni Dyrektor Akademickiego Inkubatora Przedsi\u0119biorczo\u015bci. Promotor ponad 90 prac in\u017cynierskich i magisterskich. Autor materia\u0142\u00f3w dydaktycznych dla student\u00f3w I i II stopnia na kierunku mechanika i budowa maszyn. Autor raportu samooceny kierunku mechanika i budowa maszyn. Wsp\u00f3\u0142tw\u00f3rca planu studi\u00f3w na kierunku\t\t\t\t\t\t<\/div>\r\n\t\t\t\t\t\t\t\t\t\t\r\n\t\t\t\t\t\t\t\t\t\t\t<ul class=\"list-inline exad-team-member-social\">\r\n\t\t\t\t\t\t\t\t\r\n\t\t\t\t\t\t\t\t<li>\r\n\t\t\t\t\t\t\t\t\t<a href=\"#\" target=\"_blank\" class=\"exad-social-icon elementor-repeater-item-54aeeb5\">\r\n\t\t\t\t\t\t\t\t\t\t<i aria-hidden=\"true\" class=\"fab fa-facebook-f\"><\/i>\t\t\t\t\t\t\t\t\t<\/a>\r\n\t\t\t\t\t\t\t\t<\/li>\t\r\n\t\t\t\t\t\t\t\t\r\n\t\t\t\t\t\t\t\t<li>\r\n\t\t\t\t\t\t\t\t\t<a href=\"#\" target=\"_blank\" class=\"exad-social-icon elementor-repeater-item-cdbae16\">\r\n\t\t\t\t\t\t\t\t\t\t<i aria-hidden=\"true\" class=\"fab fa-twitter\"><\/i>\t\t\t\t\t\t\t\t\t<\/a>\r\n\t\t\t\t\t\t\t\t<\/li>\t\r\n\t\t\t\t\t\t\t\t\r\n\t\t\t\t\t\t\t\t<li>\r\n\t\t\t\t\t\t\t\t\t<a href=\"#\" target=\"_blank\" class=\"exad-social-icon elementor-repeater-item-aa18e26\">\r\n\t\t\t\t\t\t\t\t\t\t<i aria-hidden=\"true\" class=\"fab fa-linkedin-in\"><\/i>\t\t\t\t\t\t\t\t\t<\/a>\r\n\t\t\t\t\t\t\t\t<\/li>\t\r\n\t\t\t\t\t\t\t\t\r\n\t\t\t\t\t\t\t\t<li>\r\n\t\t\t\t\t\t\t\t\t<a href=\"#\" target=\"_blank\" class=\"exad-social-icon elementor-repeater-item-a9ad359\">\r\n\t\t\t\t\t\t\t\t\t\t<i aria-hidden=\"true\" class=\"fab fa-google-plus-g\"><\/i>\t\t\t\t\t\t\t\t\t<\/a>\r\n\t\t\t\t\t\t\t\t<\/li>\t\r\n\t\t\t\t\t\t\t\t\t\t\t\t\t<\/ul>\r\n\t\t\t\t\t\r\n\t\t\t\t<\/div>\r\n\t\t\t\t\t\r\n\t\t\t<\/div>\r\n\t\t<\/div>\t\r\n\t\t\t\t\t\t<\/div>\n\t\t\t\t<\/div>\n\t\t\t\t<div class=\"elementor-element elementor-element-b45233a exad-sticky-section-no exad-glass-effect-no elementor-widget elementor-widget-spacer\" data-id=\"b45233a\" data-element_type=\"widget\" data-e-type=\"widget\" data-widget_type=\"spacer.default\">\n\t\t\t\t<div class=\"elementor-widget-container\">\n\t\t\t\t\t\t\t<div class=\"elementor-spacer\">\n\t\t\t<div class=\"elementor-spacer-inner\"><\/div>\n\t\t<\/div>\n\t\t\t\t\t\t<\/div>\n\t\t\t\t<\/div>\n\t\t\t\t<div class=\"elementor-element elementor-element-51e5b39 exad-sticky-section-no exad-glass-effect-no elementor-widget elementor-widget-spacer\" data-id=\"51e5b39\" data-element_type=\"widget\" data-e-type=\"widget\" data-widget_type=\"spacer.default\">\n\t\t\t\t<div class=\"elementor-widget-container\">\n\t\t\t\t\t\t\t<div class=\"elementor-spacer\">\n\t\t\t<div class=\"elementor-spacer-inner\"><\/div>\n\t\t<\/div>\n\t\t\t\t\t\t<\/div>\n\t\t\t\t<\/div>\n\t\t\t\t<div class=\"elementor-element elementor-element-9e1f88e exad-sticky-section-no exad-glass-effect-no elementor-widget elementor-widget-exad-team-member\" data-id=\"9e1f88e\" data-element_type=\"widget\" data-e-type=\"widget\" data-widget_type=\"exad-team-member.default\">\n\t\t\t\t<div class=\"elementor-widget-container\">\n\t\t\t\t\t\r\n\t\t<div class=\"exad-team-item\">\r\n\t\t\t<div class=\"exad-team-member exad-center exad-position-right\">\r\n\t\t\t\t\t\t\t\t\t\t\t\t\t\t<div class=\"exad-team-member-thumb\">\r\n\t\t\t\t\t\t\t<img loading=\"lazy\" decoding=\"async\" width=\"1200\" height=\"1221\" src=\"https:\/\/avemfund.eu\/pl\/wp-content\/uploads\/2024\/03\/Magdalena-Sliwinska-RN-AVEM-croped-1-1280x1302.jpg\" class=\"attachment-large size-large wp-image-3366\" alt=\"\" srcset=\"https:\/\/avemfund.eu\/pl\/wp-content\/uploads\/2024\/03\/Magdalena-Sliwinska-RN-AVEM-croped-1-1280x1302.jpg 1280w, https:\/\/avemfund.eu\/pl\/wp-content\/uploads\/2024\/03\/Magdalena-Sliwinska-RN-AVEM-croped-1-640x651.jpg 640w, https:\/\/avemfund.eu\/pl\/wp-content\/uploads\/2024\/03\/Magdalena-Sliwinska-RN-AVEM-croped-1-157x160.jpg 157w, https:\/\/avemfund.eu\/pl\/wp-content\/uploads\/2024\/03\/Magdalena-Sliwinska-RN-AVEM-croped-1-768x781.jpg 768w, https:\/\/avemfund.eu\/pl\/wp-content\/uploads\/2024\/03\/Magdalena-Sliwinska-RN-AVEM-croped-1-1510x1536.jpg 1510w, https:\/\/avemfund.eu\/pl\/wp-content\/uploads\/2024\/03\/Magdalena-Sliwinska-RN-AVEM-croped-1-320x326.jpg 320w, https:\/\/avemfund.eu\/pl\/wp-content\/uploads\/2024\/03\/Magdalena-Sliwinska-RN-AVEM-croped-1.jpg 1666w\" sizes=\"(max-width: 1200px) 100vw, 1200px\" \/>\t\t\t\t\t\t<\/div>\r\n\t\t\t\t\t\r\n\t\t\t\t<div class=\"exad-team-member-content\">\r\n\t\t\t\t\t\t\t\t\t\t\t\t\t\t\t\t<h3 class=\"exad-team-member-name\">\r\n\t\t\t\t\t\t\tDr Magdalena \u015aliwi\u0144ska \t\t\t\t\t\t<\/h3>\r\n\t\t\t\t\t\r\n\t\t\t\t\t\r\n\t\t\t\t\t\t\t\t\t\t\t\t\t\t\t\t<div class=\"exad-team-member-about\">\r\n\t\t\t\t\t\tDoktor nauk ekonomicznych Uniwersytetu Ekonomicznego w Poznaniu, Pracownik Katedry Europeistyki, ekspert Komisji Europejskiej ds. Zr\u00f3wnowa\u017conego Rozwoju i Fair Trade, autorka wielu publikacji naukowych z dziedziny konkurencji na rynku jednolitym UE, polityki konkurencji UE, Zr\u00f3wnowa\u017conego Rozwoju i Fair Trade. Cz\u0142onek Rady Dyrektor\u00f3w Fair Trade Advocacy Office z siedzib\u0105 w Brukseli.\t\t\t\t\t\t<\/div>\r\n\t\t\t\t\t\t\t\t\t\t\r\n\t\t\t\t\t\t\t\t\t\t\t<ul class=\"list-inline exad-team-member-social\">\r\n\t\t\t\t\t\t\t\t\r\n\t\t\t\t\t\t\t\t<li>\r\n\t\t\t\t\t\t\t\t\t<a href=\"#\" target=\"_blank\" class=\"exad-social-icon elementor-repeater-item-54aeeb5\">\r\n\t\t\t\t\t\t\t\t\t\t<i aria-hidden=\"true\" class=\"fab fa-facebook-f\"><\/i>\t\t\t\t\t\t\t\t\t<\/a>\r\n\t\t\t\t\t\t\t\t<\/li>\t\r\n\t\t\t\t\t\t\t\t\r\n\t\t\t\t\t\t\t\t<li>\r\n\t\t\t\t\t\t\t\t\t<a href=\"#\" target=\"_blank\" class=\"exad-social-icon elementor-repeater-item-cdbae16\">\r\n\t\t\t\t\t\t\t\t\t\t<i aria-hidden=\"true\" class=\"fab fa-twitter\"><\/i>\t\t\t\t\t\t\t\t\t<\/a>\r\n\t\t\t\t\t\t\t\t<\/li>\t\r\n\t\t\t\t\t\t\t\t\r\n\t\t\t\t\t\t\t\t<li>\r\n\t\t\t\t\t\t\t\t\t<a href=\"#\" target=\"_blank\" class=\"exad-social-icon elementor-repeater-item-aa18e26\">\r\n\t\t\t\t\t\t\t\t\t\t<i aria-hidden=\"true\" class=\"fab fa-linkedin-in\"><\/i>\t\t\t\t\t\t\t\t\t<\/a>\r\n\t\t\t\t\t\t\t\t<\/li>\t\r\n\t\t\t\t\t\t\t\t\r\n\t\t\t\t\t\t\t\t<li>\r\n\t\t\t\t\t\t\t\t\t<a href=\"#\" target=\"_blank\" class=\"exad-social-icon elementor-repeater-item-a9ad359\">\r\n\t\t\t\t\t\t\t\t\t\t<i aria-hidden=\"true\" class=\"fab fa-google-plus-g\"><\/i>\t\t\t\t\t\t\t\t\t<\/a>\r\n\t\t\t\t\t\t\t\t<\/li>\t\r\n\t\t\t\t\t\t\t\t\t\t\t\t\t<\/ul>\r\n\t\t\t\t\t\r\n\t\t\t\t<\/div>\r\n\t\t\t\t\t\r\n\t\t\t<\/div>\r\n\t\t<\/div>\t\r\n\t\t\t\t\t\t<\/div>\n\t\t\t\t<\/div>\n\t\t\t\t<div class=\"elementor-element elementor-element-b4b99c8 exad-sticky-section-no exad-glass-effect-no elementor-widget elementor-widget-exad-team-member\" data-id=\"b4b99c8\" data-element_type=\"widget\" data-e-type=\"widget\" data-widget_type=\"exad-team-member.default\">\n\t\t\t\t<div class=\"elementor-widget-container\">\n\t\t\t\t\t\r\n\t\t<div class=\"exad-team-item\">\r\n\t\t\t<div class=\"exad-team-member exad-center exad-position-left\">\r\n\t\t\t\t\t\t\t\t\t\t\t\t\t\t<div class=\"exad-team-member-thumb\">\r\n\t\t\t\t\t\t\t<img loading=\"lazy\" decoding=\"async\" width=\"423\" height=\"466\" src=\"https:\/\/avemfund.eu\/pl\/wp-content\/uploads\/2023\/06\/Unknow-person.jpg\" class=\"attachment-large size-large wp-image-3036\" alt=\"\" srcset=\"https:\/\/avemfund.eu\/pl\/wp-content\/uploads\/2023\/06\/Unknow-person.jpg 423w, https:\/\/avemfund.eu\/pl\/wp-content\/uploads\/2023\/06\/Unknow-person-145x160.jpg 145w, https:\/\/avemfund.eu\/pl\/wp-content\/uploads\/2023\/06\/Unknow-person-320x353.jpg 320w\" sizes=\"(max-width: 423px) 100vw, 423px\" \/>\t\t\t\t\t\t<\/div>\r\n\t\t\t\t\t\r\n\t\t\t\t<div class=\"exad-team-member-content\">\r\n\t\t\t\t\t\t\t\t\t\t\t\t\t\t\t\t<h3 class=\"exad-team-member-name\">\r\n\t\t\t\t\t\t\tW\u0142odzimierz Trojan \t\t\t\t\t\t<\/h3>\r\n\t\t\t\t\t\r\n\t\t\t\t\t\r\n\t\t\t\t\t\t\t\t\t\t\t\t\t\t\t\t<div class=\"exad-team-member-about\">\r\n\t\t\t\t\t\tPonad trzydziestoletnie do\u015bwiadczenie jako przedsi\u0119biorca w bran\u017cy drzewnej, g\u0142\u00f3wnie stolarki budowlanej i wyko\u0144czenia wn\u0119trz. Dzia\u0142a g\u0142\u00f3wnie na rynku niemieckim, ale tak\u017ce na polskim. Stworzy\u0142 siln\u0105 mark\u0119 TRELLI, w zakresie produkcji schod\u00f3w drewnianych, licz\u0105c\u0105 si\u0119 na rynku niemieckim i ciesz\u0105c\u0105 si\u0119 uznaniem klient\u00f3w. Jest ekspertem bran\u017cy drzewnej w obszarze technologii obr\u00f3bki oraz maszyn do przemys\u0142u drzewnego posiada wiele powi\u0105za\u0144 z przedsi\u0119biorstwami na rynku niemieckim.\t\t\t\t\t\t<\/div>\r\n\t\t\t\t\t\t\t\t\t\t\r\n\t\t\t\t\t\t\t\t\t\t\t<ul class=\"list-inline exad-team-member-social\">\r\n\t\t\t\t\t\t\t\t\r\n\t\t\t\t\t\t\t\t<li>\r\n\t\t\t\t\t\t\t\t\t<a href=\"#\" target=\"_blank\" class=\"exad-social-icon elementor-repeater-item-54aeeb5\">\r\n\t\t\t\t\t\t\t\t\t\t<i aria-hidden=\"true\" class=\"fab fa-facebook-f\"><\/i>\t\t\t\t\t\t\t\t\t<\/a>\r\n\t\t\t\t\t\t\t\t<\/li>\t\r\n\t\t\t\t\t\t\t\t\r\n\t\t\t\t\t\t\t\t<li>\r\n\t\t\t\t\t\t\t\t\t<a href=\"#\" target=\"_blank\" class=\"exad-social-icon elementor-repeater-item-cdbae16\">\r\n\t\t\t\t\t\t\t\t\t\t<i aria-hidden=\"true\" class=\"fab fa-twitter\"><\/i>\t\t\t\t\t\t\t\t\t<\/a>\r\n\t\t\t\t\t\t\t\t<\/li>\t\r\n\t\t\t\t\t\t\t\t\r\n\t\t\t\t\t\t\t\t<li>\r\n\t\t\t\t\t\t\t\t\t<a href=\"#\" target=\"_blank\" class=\"exad-social-icon elementor-repeater-item-aa18e26\">\r\n\t\t\t\t\t\t\t\t\t\t<i aria-hidden=\"true\" class=\"fab fa-linkedin-in\"><\/i>\t\t\t\t\t\t\t\t\t<\/a>\r\n\t\t\t\t\t\t\t\t<\/li>\t\r\n\t\t\t\t\t\t\t\t\r\n\t\t\t\t\t\t\t\t<li>\r\n\t\t\t\t\t\t\t\t\t<a href=\"#\" target=\"_blank\" class=\"exad-social-icon elementor-repeater-item-a9ad359\">\r\n\t\t\t\t\t\t\t\t\t\t<i aria-hidden=\"true\" class=\"fab fa-google-plus-g\"><\/i>\t\t\t\t\t\t\t\t\t<\/a>\r\n\t\t\t\t\t\t\t\t<\/li>\t\r\n\t\t\t\t\t\t\t\t\t\t\t\t\t<\/ul>\r\n\t\t\t\t\t\r\n\t\t\t\t<\/div>\r\n\t\t\t\t\t\r\n\t\t\t<\/div>\r\n\t\t<\/div>\t\r\n\t\t\t\t\t\t<\/div>\n\t\t\t\t<\/div>\n\t\t\t\t<div class=\"elementor-element elementor-element-210c5ead exad-sticky-section-no exad-glass-effect-no elementor-widget elementor-widget-spacer\" data-id=\"210c5ead\" data-element_type=\"widget\" data-e-type=\"widget\" data-widget_type=\"spacer.default\">\n\t\t\t\t<div class=\"elementor-widget-container\">\n\t\t\t\t\t\t\t<div class=\"elementor-spacer\">\n\t\t\t<div class=\"elementor-spacer-inner\"><\/div>\n\t\t<\/div>\n\t\t\t\t\t\t<\/div>\n\t\t\t\t<\/div>\n\t\t\t\t\t<\/div>\n\t\t<\/div>\n\t\t\t\t\t<\/div>\n\t\t<\/section>\n\t\t\t\t<\/div>\n\t\t","protected":false},"excerpt":{"rendered":"<p>Rada Nadzorcza Dr hab. Krzysztof \u0141yskawa Przewodnicz\u0105cy Rady Nadzorczej \u0141\u0105czy do\u015bwiadczenia w \u015brodowiskach akademickich, prywatnych firmach i stowarzyszeniach bran\u017cowych. Od 1998 roku pracuje na rynku ubezpiecze\u0144, w firmach brokerskich. Cz\u0142onek komisji ubezpiecze\u0144 maj\u0105tkowych w Polskiej Izbie Ubezpiecze\u0144 (podkomisja ds. ubezpiecze\u0144 w rolnictwie). Ponadto, by\u0142 cz\u0142onkiem zespo\u0142u, kt\u00f3ry przygotowa\u0142 strategi\u0119 biznesow\u0105 dla PTU SA (obecnie Wiener)&#8230;.<\/p>\n","protected":false},"author":1,"featured_media":0,"parent":2654,"menu_order":0,"comment_status":"closed","ping_status":"closed","template":"elementor_header_footer","meta":{"footnotes":""},"class_list":["post-2656","page","type-page","status-publish","hentry"],"_links":{"self":[{"href":"https:\/\/avemfund.eu\/pl\/wp-json\/wp\/v2\/pages\/2656","targetHints":{"allow":["GET"]}}],"collection":[{"href":"https:\/\/avemfund.eu\/pl\/wp-json\/wp\/v2\/pages"}],"about":[{"href":"https:\/\/avemfund.eu\/pl\/wp-json\/wp\/v2\/types\/page"}],"author":[{"embeddable":true,"href":"https:\/\/avemfund.eu\/pl\/wp-json\/wp\/v2\/users\/1"}],"replies":[{"embeddable":true,"href":"https:\/\/avemfund.eu\/pl\/wp-json\/wp\/v2\/comments?post=2656"}],"version-history":[{"count":60,"href":"https:\/\/avemfund.eu\/pl\/wp-json\/wp\/v2\/pages\/2656\/revisions"}],"predecessor-version":[{"id":3441,"href":"https:\/\/avemfund.eu\/pl\/wp-json\/wp\/v2\/pages\/2656\/revisions\/3441"}],"up":[{"embeddable":true,"href":"https:\/\/avemfund.eu\/pl\/wp-json\/wp\/v2\/pages\/2654"}],"wp:attachment":[{"href":"https:\/\/avemfund.eu\/pl\/wp-json\/wp\/v2\/media?parent=2656"}],"curies":[{"name":"wp","href":"https:\/\/api.w.org\/{rel}","templated":true}]}}