{"id":3323,"date":"2024-03-02T21:54:42","date_gmt":"2024-03-02T20:54:42","guid":{"rendered":"https:\/\/avemfund.eu\/eng\/?page_id=3323"},"modified":"2024-03-04T16:20:36","modified_gmt":"2024-03-04T15:20:36","slug":"co-to-jest-private-equity","status":"publish","type":"page","link":"https:\/\/avemfund.eu\/eng\/inwestycje\/inwestycje-alternatywne\/co-to-jest-private-equity\/","title":{"rendered":"Co to jest Private Equity"},"content":{"rendered":"\t\t<div data-elementor-type=\"wp-page\" data-elementor-id=\"3323\" class=\"elementor elementor-3323\">\n\t\t\t\t\t\t<section class=\"elementor-section elementor-top-section elementor-element elementor-element-476dd9b2 elementor-section-full_width elementor-section-height-min-height elementor-section-height-default elementor-section-items-middle exad-glass-effect-no exad-sticky-section-no\" data-id=\"476dd9b2\" data-element_type=\"section\" data-e-type=\"section\" data-settings=\"{&quot;background_background&quot;:&quot;classic&quot;}\">\n\t\t\t\t\t\t<div class=\"elementor-container elementor-column-gap-default\">\n\t\t\t\t\t<div class=\"elementor-column elementor-col-100 elementor-top-column elementor-element elementor-element-66473a08 exad-glass-effect-no exad-sticky-section-no\" data-id=\"66473a08\" data-element_type=\"column\" data-e-type=\"column\">\n\t\t\t<div class=\"elementor-widget-wrap elementor-element-populated\">\n\t\t\t\t\t\t<div class=\"elementor-element elementor-element-7ffe8cff exad-sticky-section-no exad-glass-effect-no elementor-widget elementor-widget-heading\" data-id=\"7ffe8cff\" data-element_type=\"widget\" data-e-type=\"widget\" data-widget_type=\"heading.default\">\n\t\t\t\t<div class=\"elementor-widget-container\">\n\t\t\t\t\t<h1 class=\"elementor-heading-title elementor-size-default\">Co to jest Private Equity ?<\/h1>\t\t\t\t<\/div>\n\t\t\t\t<\/div>\n\t\t\t\t\t<\/div>\n\t\t<\/div>\n\t\t\t\t\t<\/div>\n\t\t<\/section>\n\t\t\t\t<section class=\"elementor-section elementor-top-section elementor-element elementor-element-78e1950 elementor-section-boxed elementor-section-height-default elementor-section-height-default exad-glass-effect-no exad-sticky-section-no\" data-id=\"78e1950\" data-element_type=\"section\" data-e-type=\"section\">\n\t\t\t\t\t\t<div class=\"elementor-container elementor-column-gap-default\">\n\t\t\t\t\t<div class=\"elementor-column elementor-col-100 elementor-top-column elementor-element elementor-element-547f1848 exad-glass-effect-no exad-sticky-section-no\" data-id=\"547f1848\" data-element_type=\"column\" data-e-type=\"column\">\n\t\t\t<div class=\"elementor-widget-wrap elementor-element-populated\">\n\t\t\t\t\t\t<div class=\"elementor-element elementor-element-4a569549 exad-sticky-section-no exad-glass-effect-no elementor-widget elementor-widget-spacer\" data-id=\"4a569549\" data-element_type=\"widget\" data-e-type=\"widget\" data-widget_type=\"spacer.default\">\n\t\t\t\t<div class=\"elementor-widget-container\">\n\t\t\t\t\t\t\t<div class=\"elementor-spacer\">\n\t\t\t<div class=\"elementor-spacer-inner\"><\/div>\n\t\t<\/div>\n\t\t\t\t\t\t<\/div>\n\t\t\t\t<\/div>\n\t\t\t\t<div class=\"elementor-element elementor-element-2f6112a3 exad-sticky-section-no exad-glass-effect-no elementor-widget elementor-widget-text-editor\" data-id=\"2f6112a3\" data-element_type=\"widget\" data-e-type=\"widget\" data-widget_type=\"text-editor.default\">\n\t\t\t\t<div class=\"elementor-widget-container\">\n\t\t\t\t\t\t\t\t\t<p class=\"own-page-p\">Private equity to kategoria inwestycji kapita\u0142owych dokonywanych w sp\u00f3\u0142ki prywatne. Sp\u00f3\u0142ki te nie s\u0105 notowane na gie\u0142dzie publicznej, takiej jak Nowojorska Gie\u0142da Papier\u00f3w Warto\u015bciowych. W zwi\u0105zku z tym inwestowanie w nie jest uwa\u017cane za alternatyw\u0119. W tym kontek\u015bcie kapita\u0142 w\u0142asny odnosi si\u0119 do udzia\u0142u akcjonariusza w sp\u00f3\u0142ce i warto\u015bci tego udzia\u0142u po sp\u0142acie ca\u0142ego zad\u0142u\u017cenia.<\/p>\n<p class=\"own-page-p\">Firmy private equity inwestuj\u0105 w prywatne sp\u00f3\u0142ki, kupuj\u0105c udzia\u0142y z oczekiwaniem, \u017ce w okre\u015blonym terminie b\u0119d\u0105 one warte wi\u0119cej ni\u017c pierwotna inwestycja. Firmy te przydzielaj\u0105 \u015brodki inwestycyjne od inwestor\u00f3w instytucjonalnych, takich jak fundusze inwestycyjne, firmy ubezpieczeniowe lub emerytury, oraz zamo\u017cnych os\u00f3b fizycznych. Niekt\u00f3re przyk\u0142ady firm private equity obejmuj\u0105 Blackstone, Kohlberg Kravis Roberts &#038; Co. (KKR) i The Carlyle Group.<\/p>\n<p class=\"own-page-p\">Opr\u00f3cz finansowania, relacje mi\u0119dzy firm\u0105 private equity a sp\u00f3\u0142kami, w kt\u00f3re inwestuje, mog\u0105 obejmowa\u0107 mentoring i wiedz\u0119 bran\u017cow\u0105. Mo\u017ce to stanowi\u0107 du\u017c\u0105 warto\u015b\u0107 dodan\u0105 dla firm, kt\u00f3re otrzymuj\u0105 inwestycje, poniewa\u017c zazwyczaj znajduj\u0105 si\u0119 one w punkcie cyklu \u017cycia, w kt\u00f3rym potrzebny jest wzrost i zmiana.<\/p>\t\t\t\t\t\t\t\t<\/div>\n\t\t\t\t<\/div>\n\t\t\t\t<div class=\"elementor-element elementor-element-1632657d exad-sticky-section-no exad-glass-effect-no elementor-widget elementor-widget-spacer\" data-id=\"1632657d\" data-element_type=\"widget\" data-e-type=\"widget\" data-widget_type=\"spacer.default\">\n\t\t\t\t<div class=\"elementor-widget-container\">\n\t\t\t\t\t\t\t<div class=\"elementor-spacer\">\n\t\t\t<div class=\"elementor-spacer-inner\"><\/div>\n\t\t<\/div>\n\t\t\t\t\t\t<\/div>\n\t\t\t\t<\/div>\n\t\t\t\t\t<\/div>\n\t\t<\/div>\n\t\t\t\t\t<\/div>\n\t\t<\/section>\n\t\t\t\t<\/div>\n\t\t","protected":false},"excerpt":{"rendered":"<p>Co to jest Private Equity ? Private equity to kategoria inwestycji kapita\u0142owych dokonywanych w sp\u00f3\u0142ki prywatne. Sp\u00f3\u0142ki te nie s\u0105 notowane na gie\u0142dzie publicznej, takiej jak Nowojorska Gie\u0142da Papier\u00f3w Warto\u015bciowych. W zwi\u0105zku z tym inwestowanie w nie jest uwa\u017cane za alternatyw\u0119. W tym kontek\u015bcie kapita\u0142 w\u0142asny odnosi si\u0119 do udzia\u0142u akcjonariusza w sp\u00f3\u0142ce i warto\u015bci&#8230;<\/p>\n","protected":false},"author":1,"featured_media":0,"parent":3333,"menu_order":0,"comment_status":"closed","ping_status":"closed","template":"elementor_header_footer","meta":{"footnotes":""},"class_list":["post-3323","page","type-page","status-publish","hentry"],"_links":{"self":[{"href":"https:\/\/avemfund.eu\/eng\/wp-json\/wp\/v2\/pages\/3323","targetHints":{"allow":["GET"]}}],"collection":[{"href":"https:\/\/avemfund.eu\/eng\/wp-json\/wp\/v2\/pages"}],"about":[{"href":"https:\/\/avemfund.eu\/eng\/wp-json\/wp\/v2\/types\/page"}],"author":[{"embeddable":true,"href":"https:\/\/avemfund.eu\/eng\/wp-json\/wp\/v2\/users\/1"}],"replies":[{"embeddable":true,"href":"https:\/\/avemfund.eu\/eng\/wp-json\/wp\/v2\/comments?post=3323"}],"version-history":[{"count":7,"href":"https:\/\/avemfund.eu\/eng\/wp-json\/wp\/v2\/pages\/3323\/revisions"}],"predecessor-version":[{"id":3413,"href":"https:\/\/avemfund.eu\/eng\/wp-json\/wp\/v2\/pages\/3323\/revisions\/3413"}],"up":[{"embeddable":true,"href":"https:\/\/avemfund.eu\/eng\/wp-json\/wp\/v2\/pages\/3333"}],"wp:attachment":[{"href":"https:\/\/avemfund.eu\/eng\/wp-json\/wp\/v2\/media?parent=3323"}],"curies":[{"name":"wp","href":"https:\/\/api.w.org\/{rel}","templated":true}]}}