{"id":3333,"date":"2024-03-02T21:57:49","date_gmt":"2024-03-02T20:57:49","guid":{"rendered":"https:\/\/avemfund.eu\/de\/?page_id=3333"},"modified":"2024-07-05T12:21:17","modified_gmt":"2024-07-05T10:21:17","slug":"inwestycje-alternatywne","status":"publish","type":"page","link":"https:\/\/avemfund.eu\/de\/inwestycje\/inwestycje-alternatywne\/","title":{"rendered":"Inwestycje alternatywne"},"content":{"rendered":"\t\t<div data-elementor-type=\"wp-page\" data-elementor-id=\"3333\" class=\"elementor elementor-3333\">\n\t\t\t\t\t\t<section class=\"elementor-section elementor-top-section elementor-element elementor-element-476dd9b2 elementor-section-full_width elementor-section-height-min-height elementor-section-height-default elementor-section-items-middle exad-glass-effect-no exad-sticky-section-no\" data-id=\"476dd9b2\" data-element_type=\"section\" data-e-type=\"section\" data-settings=\"{&quot;background_background&quot;:&quot;classic&quot;}\">\n\t\t\t\t\t\t<div class=\"elementor-container elementor-column-gap-default\">\n\t\t\t\t\t<div class=\"elementor-column elementor-col-100 elementor-top-column elementor-element elementor-element-66473a08 exad-glass-effect-no exad-sticky-section-no\" data-id=\"66473a08\" data-element_type=\"column\" data-e-type=\"column\">\n\t\t\t<div class=\"elementor-widget-wrap elementor-element-populated\">\n\t\t\t\t\t\t<div class=\"elementor-element elementor-element-7ffe8cff exad-sticky-section-no exad-glass-effect-no elementor-widget elementor-widget-heading\" data-id=\"7ffe8cff\" data-element_type=\"widget\" data-e-type=\"widget\" data-widget_type=\"heading.default\">\n\t\t\t\t<div class=\"elementor-widget-container\">\n\t\t\t\t\t<h1 class=\"elementor-heading-title elementor-size-default\">Alternative Investitionen<\/h1>\t\t\t\t<\/div>\n\t\t\t\t<\/div>\n\t\t\t\t\t<\/div>\n\t\t<\/div>\n\t\t\t\t\t<\/div>\n\t\t<\/section>\n\t\t\t\t<section class=\"elementor-section elementor-top-section elementor-element elementor-element-eb81d9b elementor-section-boxed elementor-section-height-default elementor-section-height-default exad-glass-effect-no exad-sticky-section-no\" data-id=\"eb81d9b\" data-element_type=\"section\" data-e-type=\"section\">\n\t\t\t\t\t\t<div class=\"elementor-container elementor-column-gap-default\">\n\t\t\t\t\t<div class=\"elementor-column elementor-col-100 elementor-top-column elementor-element elementor-element-18ad9ec exad-glass-effect-no exad-sticky-section-no\" data-id=\"18ad9ec\" data-element_type=\"column\" data-e-type=\"column\">\n\t\t\t<div class=\"elementor-widget-wrap elementor-element-populated\">\n\t\t\t\t\t\t<div class=\"elementor-element elementor-element-80ae525 exad-sticky-section-no exad-glass-effect-no elementor-widget elementor-widget-spacer\" data-id=\"80ae525\" data-element_type=\"widget\" data-e-type=\"widget\" data-widget_type=\"spacer.default\">\n\t\t\t\t<div class=\"elementor-widget-container\">\n\t\t\t\t\t\t\t<div class=\"elementor-spacer\">\n\t\t\t<div class=\"elementor-spacer-inner\"><\/div>\n\t\t<\/div>\n\t\t\t\t\t\t<\/div>\n\t\t\t\t<\/div>\n\t\t\t\t<div class=\"elementor-element elementor-element-3d5fab0 exad-sticky-section-no exad-glass-effect-no elementor-widget elementor-widget-text-editor\" data-id=\"3d5fab0\" data-element_type=\"widget\" data-e-type=\"widget\" data-widget_type=\"text-editor.default\">\n\t\t\t\t<div class=\"elementor-widget-container\">\n\t\t\t\t\t\t\t\t\t<p class=\"own-page-p\"><span style=\"font-size: 14pt;\">Alternative Anlagen sind einer der am schnellsten wachsenden Bereiche des Finanzwesens und werden bis 2023 voraussichtlich ein verwaltetes Verm\u00f6gen von 14 Billionen Dollar erreichen.<\/span><\/p><p>Die Marktlandschaft entwickelt sich weiter, und die Anleger werden immer anspruchsvoller und fordern Zugang zu alternativen Anlagestrategien, die in der Vergangenheit nur Institutionen und den reichsten Privatpersonen vorbehalten waren.<\/p><p>Die Anlageklasse der alternativen Anlagen umfasst alle anderen Verm\u00f6genswerte als Aktien, Anleihen und Bargeld, die als traditionelle Anlagen bezeichnet werden. In einem sich st\u00e4ndig ver\u00e4ndernden Markt kann es eine kluge Entscheidung sein, sein Portfolio so zu diversifizieren, dass es sowohl traditionelle als auch alternative Anlagen umfasst.<\/p><p>Im Gegensatz zu traditionellen Anlageklassen sind alternative Anlagen illiquide, d. h. sie k\u00f6nnen nicht ohne weiteres in Bargeld umgewandelt werden. Au\u00dferdem weisen sie h\u00e4ufig eine geringe Korrelation mit anderen Anlageklassen auf, d. h. sie bewegen sich in entgegengesetzte Richtungen, wenn sich der Markt bewegt, was alternative Anlagen zu einem guten Kandidaten f\u00fcr die Portfoliodiversifizierung macht.<\/p><p>In die Kategorie der alternativen Anlagen fallen verschiedene Verm\u00f6genswerte, die jeweils ihre eigenen Merkmale, Anlagem\u00f6glichkeiten und Vorbehalte haben. Eine Art von alternativen Anlagen ist Private Equity.<\/p>\t\t\t\t\t\t\t\t<\/div>\n\t\t\t\t<\/div>\n\t\t\t\t<div class=\"elementor-element elementor-element-52b12d7 exad-sticky-section-no exad-glass-effect-no elementor-widget elementor-widget-spacer\" data-id=\"52b12d7\" data-element_type=\"widget\" data-e-type=\"widget\" data-widget_type=\"spacer.default\">\n\t\t\t\t<div class=\"elementor-widget-container\">\n\t\t\t\t\t\t\t<div class=\"elementor-spacer\">\n\t\t\t<div class=\"elementor-spacer-inner\"><\/div>\n\t\t<\/div>\n\t\t\t\t\t\t<\/div>\n\t\t\t\t<\/div>\n\t\t\t\t\t<\/div>\n\t\t<\/div>\n\t\t\t\t\t<\/div>\n\t\t<\/section>\n\t\t\t\t<\/div>\n\t\t","protected":false},"excerpt":{"rendered":"<p>Alternative Investitionen Alternative Anlagen sind einer der am schnellsten wachsenden Bereiche des Finanzwesens und werden bis 2023 voraussichtlich ein verwaltetes Verm\u00f6gen von 14 Billionen Dollar erreichen. Die Marktlandschaft entwickelt sich weiter, und die Anleger werden immer anspruchsvoller und fordern Zugang zu alternativen Anlagestrategien, die in der Vergangenheit nur Institutionen und den reichsten Privatpersonen vorbehalten waren&#8230;.<\/p>\n","protected":false},"author":1,"featured_media":0,"parent":2750,"menu_order":0,"comment_status":"closed","ping_status":"closed","template":"elementor_header_footer","meta":{"footnotes":""},"class_list":["post-3333","page","type-page","status-publish","hentry"],"_links":{"self":[{"href":"https:\/\/avemfund.eu\/de\/wp-json\/wp\/v2\/pages\/3333","targetHints":{"allow":["GET"]}}],"collection":[{"href":"https:\/\/avemfund.eu\/de\/wp-json\/wp\/v2\/pages"}],"about":[{"href":"https:\/\/avemfund.eu\/de\/wp-json\/wp\/v2\/types\/page"}],"author":[{"embeddable":true,"href":"https:\/\/avemfund.eu\/de\/wp-json\/wp\/v2\/users\/1"}],"replies":[{"embeddable":true,"href":"https:\/\/avemfund.eu\/de\/wp-json\/wp\/v2\/comments?post=3333"}],"version-history":[{"count":43,"href":"https:\/\/avemfund.eu\/de\/wp-json\/wp\/v2\/pages\/3333\/revisions"}],"predecessor-version":[{"id":3537,"href":"https:\/\/avemfund.eu\/de\/wp-json\/wp\/v2\/pages\/3333\/revisions\/3537"}],"up":[{"embeddable":true,"href":"https:\/\/avemfund.eu\/de\/wp-json\/wp\/v2\/pages\/2750"}],"wp:attachment":[{"href":"https:\/\/avemfund.eu\/de\/wp-json\/wp\/v2\/media?parent=3333"}],"curies":[{"name":"wp","href":"https:\/\/api.w.org\/{rel}","templated":true}]}}