{"id":3323,"date":"2024-03-02T21:54:42","date_gmt":"2024-03-02T20:54:42","guid":{"rendered":"https:\/\/avemfund.eu\/de\/?page_id=3323"},"modified":"2024-07-05T12:23:56","modified_gmt":"2024-07-05T10:23:56","slug":"co-to-jest-private-equity","status":"publish","type":"page","link":"https:\/\/avemfund.eu\/de\/inwestycje\/inwestycje-alternatywne\/co-to-jest-private-equity\/","title":{"rendered":"Co to jest Private Equity"},"content":{"rendered":"\t\t<div data-elementor-type=\"wp-page\" data-elementor-id=\"3323\" class=\"elementor elementor-3323\">\n\t\t\t\t\t\t<section class=\"elementor-section elementor-top-section elementor-element elementor-element-476dd9b2 elementor-section-full_width elementor-section-height-min-height elementor-section-height-default elementor-section-items-middle exad-glass-effect-no exad-sticky-section-no\" data-id=\"476dd9b2\" data-element_type=\"section\" data-e-type=\"section\" data-settings=\"{&quot;background_background&quot;:&quot;classic&quot;}\">\n\t\t\t\t\t\t<div class=\"elementor-container elementor-column-gap-default\">\n\t\t\t\t\t<div class=\"elementor-column elementor-col-100 elementor-top-column elementor-element elementor-element-66473a08 exad-glass-effect-no exad-sticky-section-no\" data-id=\"66473a08\" data-element_type=\"column\" data-e-type=\"column\">\n\t\t\t<div class=\"elementor-widget-wrap elementor-element-populated\">\n\t\t\t\t\t\t<div class=\"elementor-element elementor-element-7ffe8cff exad-sticky-section-no exad-glass-effect-no elementor-widget elementor-widget-heading\" data-id=\"7ffe8cff\" data-element_type=\"widget\" data-e-type=\"widget\" data-widget_type=\"heading.default\">\n\t\t\t\t<div class=\"elementor-widget-container\">\n\t\t\t\t\t<h1 class=\"elementor-heading-title elementor-size-default\">Was ist Private Equity?<\/h1>\t\t\t\t<\/div>\n\t\t\t\t<\/div>\n\t\t\t\t\t<\/div>\n\t\t<\/div>\n\t\t\t\t\t<\/div>\n\t\t<\/section>\n\t\t\t\t<section class=\"elementor-section elementor-top-section elementor-element elementor-element-78e1950 elementor-section-boxed elementor-section-height-default elementor-section-height-default exad-glass-effect-no exad-sticky-section-no\" data-id=\"78e1950\" data-element_type=\"section\" data-e-type=\"section\">\n\t\t\t\t\t\t<div class=\"elementor-container elementor-column-gap-default\">\n\t\t\t\t\t<div class=\"elementor-column elementor-col-100 elementor-top-column elementor-element elementor-element-547f1848 exad-glass-effect-no exad-sticky-section-no\" data-id=\"547f1848\" data-element_type=\"column\" data-e-type=\"column\">\n\t\t\t<div class=\"elementor-widget-wrap elementor-element-populated\">\n\t\t\t\t\t\t<div class=\"elementor-element elementor-element-4a569549 exad-sticky-section-no exad-glass-effect-no elementor-widget elementor-widget-spacer\" data-id=\"4a569549\" data-element_type=\"widget\" data-e-type=\"widget\" data-widget_type=\"spacer.default\">\n\t\t\t\t<div class=\"elementor-widget-container\">\n\t\t\t\t\t\t\t<div class=\"elementor-spacer\">\n\t\t\t<div class=\"elementor-spacer-inner\"><\/div>\n\t\t<\/div>\n\t\t\t\t\t\t<\/div>\n\t\t\t\t<\/div>\n\t\t\t\t<div class=\"elementor-element elementor-element-2f6112a3 exad-sticky-section-no exad-glass-effect-no elementor-widget elementor-widget-text-editor\" data-id=\"2f6112a3\" data-element_type=\"widget\" data-e-type=\"widget\" data-widget_type=\"text-editor.default\">\n\t\t\t\t<div class=\"elementor-widget-container\">\n\t\t\t\t\t\t\t\t\t<p>Private Equity ist eine Kategorie von Eigenkapitalinvestitionen in private Unternehmen. Diese Unternehmen sind nicht an einer \u00f6ffentlichen B\u00f6rse wie der New York Stock Exchange notiert. Daher werden Investitionen in diese Unternehmen als Alternative betrachtet. In diesem Zusammenhang bezieht sich Eigenkapital auf den Anteil eines Aktion\u00e4rs an einem Unternehmen und den Wert dieses Anteils, nachdem alle Schulden zur\u00fcckgezahlt worden sind.<\/p><p>Private-Equity-Firmen investieren in private Unternehmen, indem sie Aktien in der Erwartung kaufen, dass diese bis zu einem bestimmten Zeitpunkt mehr wert sein werden als die urspr\u00fcngliche Investition. Diese Firmen vergeben Investitionsmittel von institutionellen Anlegern wie Investmentfonds, Versicherungsgesellschaften oder Rentenversicherungen sowie von wohlhabenden Einzelpersonen. Einige Beispiele f\u00fcr Private-Equity-Firmen sind Blackstone, Kohlberg Kravis Roberts &amp; Co. (KKR) und The Carlyle Group.<\/p><p>Neben der Finanzierung kann die Beziehung zwischen einer Private-Equity-Gesellschaft und den Unternehmen, in die sie investiert, auch Mentoring und Branchenkenntnisse umfassen. Dies kann f\u00fcr die Unternehmen, in die investiert wird, von gro\u00dfem Wert sein, da sie sich in der Regel an einem Punkt in ihrem Lebenszyklus befinden, an dem Wachstum und Ver\u00e4nderungen erforderlich sind.<\/p>\t\t\t\t\t\t\t\t<\/div>\n\t\t\t\t<\/div>\n\t\t\t\t<div class=\"elementor-element elementor-element-1632657d exad-sticky-section-no exad-glass-effect-no elementor-widget elementor-widget-spacer\" data-id=\"1632657d\" data-element_type=\"widget\" data-e-type=\"widget\" data-widget_type=\"spacer.default\">\n\t\t\t\t<div class=\"elementor-widget-container\">\n\t\t\t\t\t\t\t<div class=\"elementor-spacer\">\n\t\t\t<div class=\"elementor-spacer-inner\"><\/div>\n\t\t<\/div>\n\t\t\t\t\t\t<\/div>\n\t\t\t\t<\/div>\n\t\t\t\t\t<\/div>\n\t\t<\/div>\n\t\t\t\t\t<\/div>\n\t\t<\/section>\n\t\t\t\t<\/div>\n\t\t","protected":false},"excerpt":{"rendered":"<p>Was ist Private Equity? Private Equity ist eine Kategorie von Eigenkapitalinvestitionen in private Unternehmen. Diese Unternehmen sind nicht an einer \u00f6ffentlichen B\u00f6rse wie der New York Stock Exchange notiert. Daher werden Investitionen in diese Unternehmen als Alternative betrachtet. In diesem Zusammenhang bezieht sich Eigenkapital auf den Anteil eines Aktion\u00e4rs an einem Unternehmen und den Wert&#8230;<\/p>\n","protected":false},"author":1,"featured_media":0,"parent":3333,"menu_order":0,"comment_status":"closed","ping_status":"closed","template":"elementor_header_footer","meta":{"footnotes":""},"class_list":["post-3323","page","type-page","status-publish","hentry"],"_links":{"self":[{"href":"https:\/\/avemfund.eu\/de\/wp-json\/wp\/v2\/pages\/3323","targetHints":{"allow":["GET"]}}],"collection":[{"href":"https:\/\/avemfund.eu\/de\/wp-json\/wp\/v2\/pages"}],"about":[{"href":"https:\/\/avemfund.eu\/de\/wp-json\/wp\/v2\/types\/page"}],"author":[{"embeddable":true,"href":"https:\/\/avemfund.eu\/de\/wp-json\/wp\/v2\/users\/1"}],"replies":[{"embeddable":true,"href":"https:\/\/avemfund.eu\/de\/wp-json\/wp\/v2\/comments?post=3323"}],"version-history":[{"count":10,"href":"https:\/\/avemfund.eu\/de\/wp-json\/wp\/v2\/pages\/3323\/revisions"}],"predecessor-version":[{"id":3541,"href":"https:\/\/avemfund.eu\/de\/wp-json\/wp\/v2\/pages\/3323\/revisions\/3541"}],"up":[{"embeddable":true,"href":"https:\/\/avemfund.eu\/de\/wp-json\/wp\/v2\/pages\/3333"}],"wp:attachment":[{"href":"https:\/\/avemfund.eu\/de\/wp-json\/wp\/v2\/media?parent=3323"}],"curies":[{"name":"wp","href":"https:\/\/api.w.org\/{rel}","templated":true}]}}