{"id":2939,"date":"2023-06-17T19:59:24","date_gmt":"2023-06-17T17:59:24","guid":{"rendered":"https:\/\/avemfund.eu\/de\/?page_id=2939"},"modified":"2024-10-26T13:20:28","modified_gmt":"2024-10-26T11:20:28","slug":"zarzad","status":"publish","type":"page","link":"https:\/\/avemfund.eu\/de\/spolka\/zarzad\/","title":{"rendered":"Zarz\u0105d"},"content":{"rendered":"\t\t<div data-elementor-type=\"wp-page\" data-elementor-id=\"2939\" class=\"elementor elementor-2939\">\n\t\t\t\t\t\t<section class=\"elementor-section elementor-top-section elementor-element elementor-element-065db1f elementor-section-full_width elementor-section-height-min-height elementor-section-height-default elementor-section-items-middle exad-glass-effect-no exad-sticky-section-no\" data-id=\"065db1f\" data-element_type=\"section\" data-e-type=\"section\" data-settings=\"{&quot;background_background&quot;:&quot;classic&quot;}\">\n\t\t\t\t\t\t<div class=\"elementor-container elementor-column-gap-default\">\n\t\t\t\t\t<div class=\"elementor-column elementor-col-100 elementor-top-column elementor-element elementor-element-fb325e4 exad-glass-effect-no exad-sticky-section-no\" data-id=\"fb325e4\" data-element_type=\"column\" data-e-type=\"column\">\n\t\t\t<div class=\"elementor-widget-wrap elementor-element-populated\">\n\t\t\t\t\t\t<div class=\"elementor-element elementor-element-ad17fc0 exad-sticky-section-no exad-glass-effect-no elementor-widget elementor-widget-heading\" data-id=\"ad17fc0\" data-element_type=\"widget\" data-e-type=\"widget\" data-widget_type=\"heading.default\">\n\t\t\t\t<div class=\"elementor-widget-container\">\n\t\t\t\t\t<h1 class=\"elementor-heading-title elementor-size-default\">AVEM-Vorstand<\/h1>\t\t\t\t<\/div>\n\t\t\t\t<\/div>\n\t\t\t\t\t<\/div>\n\t\t<\/div>\n\t\t\t\t\t<\/div>\n\t\t<\/section>\n\t\t\t\t<section class=\"elementor-section elementor-top-section elementor-element elementor-element-818eb03 elementor-section-boxed elementor-section-height-default elementor-section-height-default exad-glass-effect-no exad-sticky-section-no\" data-id=\"818eb03\" data-element_type=\"section\" data-e-type=\"section\">\n\t\t\t\t\t\t<div class=\"elementor-container elementor-column-gap-default\">\n\t\t\t\t\t<div class=\"elementor-column elementor-col-100 elementor-top-column elementor-element elementor-element-40391bc exad-glass-effect-no exad-sticky-section-no\" data-id=\"40391bc\" data-element_type=\"column\" data-e-type=\"column\">\n\t\t\t<div class=\"elementor-widget-wrap elementor-element-populated\">\n\t\t\t\t\t\t<div class=\"elementor-element elementor-element-e69832a exad-sticky-section-no exad-glass-effect-no elementor-widget elementor-widget-spacer\" data-id=\"e69832a\" data-element_type=\"widget\" data-e-type=\"widget\" data-widget_type=\"spacer.default\">\n\t\t\t\t<div class=\"elementor-widget-container\">\n\t\t\t\t\t\t\t<div class=\"elementor-spacer\">\n\t\t\t<div class=\"elementor-spacer-inner\"><\/div>\n\t\t<\/div>\n\t\t\t\t\t\t<\/div>\n\t\t\t\t<\/div>\n\t\t\t\t<div class=\"elementor-element elementor-element-bab377d exad-sticky-section-no exad-glass-effect-no elementor-widget elementor-widget-text-editor\" data-id=\"bab377d\" data-element_type=\"widget\" data-e-type=\"widget\" data-widget_type=\"text-editor.default\">\n\t\t\t\t<div class=\"elementor-widget-container\">\n\t\t\t\t\t\t\t\t\t<p><span style=\"font-size: 14pt; color: #000000;\">Wir sind ein kleines Team von Analyseprofis und haben kein Problem damit, uns anders zu verhalten als der Markt oder der Mainstream. Denken Sie an David und Goliath. Wir f\u00fchren alle unsere Untersuchungen und Analysen selbst durch und kaufen keine externen Analysedienste ein. Wo AVEM draufsteht, sind auch AVEM-Analysedienste drin.<\/span><\/p><p><span style=\"font-size: 14pt; color: #000000;\">Wir konzentrieren uns ganz bewusst auf die Besten der Besten. Wir investieren nicht in Derivate, die unserer Meinung nach teure und sehr riskante Wetten auf Zeit sind. Wir glauben nicht an kurzlebige Trends und saisonale Anlagemoden, sondern denken und handeln ausschlie\u00dflich langfristig.<\/span><\/p>\t\t\t\t\t\t\t\t<\/div>\n\t\t\t\t<\/div>\n\t\t\t\t<div class=\"elementor-element elementor-element-28b5365 exad-sticky-section-no exad-glass-effect-no elementor-widget elementor-widget-exad-team-member\" data-id=\"28b5365\" data-element_type=\"widget\" data-e-type=\"widget\" data-widget_type=\"exad-team-member.default\">\n\t\t\t\t<div class=\"elementor-widget-container\">\n\t\t\t\t\t\r\n\t\t<div class=\"exad-team-item\">\r\n\t\t\t<div class=\"exad-team-member exad-center exad-position-left\">\r\n\t\t\t\t\t\t\t\t\r\n\t\t\t\t<div class=\"exad-team-member-content\">\r\n\t\t\t\t\t\t\t\t\t\t\r\n\t\t\t\t\t\r\n\t\t\t\t\t\t\t\t\t\t\t\t\t\t\t\r\n\t\t\t\t\t\t\t\t\t\t\t<ul class=\"list-inline exad-team-member-social\">\r\n\t\t\t\t\t\t\t\t\r\n\t\t\t\t\t\t\t\t<li>\r\n\t\t\t\t\t\t\t\t\t<a href=\"#\" target=\"_blank\" class=\"exad-social-icon elementor-repeater-item-54aeeb5\">\r\n\t\t\t\t\t\t\t\t\t\t<i aria-hidden=\"true\" class=\"fab fa-facebook-f\"><\/i>\t\t\t\t\t\t\t\t\t<\/a>\r\n\t\t\t\t\t\t\t\t<\/li>\t\r\n\t\t\t\t\t\t\t\t\r\n\t\t\t\t\t\t\t\t<li>\r\n\t\t\t\t\t\t\t\t\t<a href=\"#\" target=\"_blank\" class=\"exad-social-icon elementor-repeater-item-cdbae16\">\r\n\t\t\t\t\t\t\t\t\t\t<i aria-hidden=\"true\" class=\"fab fa-twitter\"><\/i>\t\t\t\t\t\t\t\t\t<\/a>\r\n\t\t\t\t\t\t\t\t<\/li>\t\r\n\t\t\t\t\t\t\t\t\r\n\t\t\t\t\t\t\t\t<li>\r\n\t\t\t\t\t\t\t\t\t<a href=\"#\" target=\"_blank\" class=\"exad-social-icon elementor-repeater-item-aa18e26\">\r\n\t\t\t\t\t\t\t\t\t\t<i aria-hidden=\"true\" class=\"fab fa-linkedin-in\"><\/i>\t\t\t\t\t\t\t\t\t<\/a>\r\n\t\t\t\t\t\t\t\t<\/li>\t\r\n\t\t\t\t\t\t\t\t\r\n\t\t\t\t\t\t\t\t<li>\r\n\t\t\t\t\t\t\t\t\t<a href=\"#\" target=\"_blank\" class=\"exad-social-icon elementor-repeater-item-a9ad359\">\r\n\t\t\t\t\t\t\t\t\t\t<i aria-hidden=\"true\" class=\"fab fa-google-plus-g\"><\/i>\t\t\t\t\t\t\t\t\t<\/a>\r\n\t\t\t\t\t\t\t\t<\/li>\t\r\n\t\t\t\t\t\t\t\t\t\t\t\t\t<\/ul>\r\n\t\t\t\t\t\r\n\t\t\t\t<\/div>\r\n\t\t\t\t\t\r\n\t\t\t<\/div>\r\n\t\t<\/div>\t\r\n\t\t\t\t\t\t<\/div>\n\t\t\t\t<\/div>\n\t\t\t\t<div class=\"elementor-element elementor-element-d47c776 exad-sticky-section-no exad-glass-effect-no elementor-widget elementor-widget-spacer\" data-id=\"d47c776\" data-element_type=\"widget\" data-e-type=\"widget\" data-widget_type=\"spacer.default\">\n\t\t\t\t<div class=\"elementor-widget-container\">\n\t\t\t\t\t\t\t<div class=\"elementor-spacer\">\n\t\t\t<div class=\"elementor-spacer-inner\"><\/div>\n\t\t<\/div>\n\t\t\t\t\t\t<\/div>\n\t\t\t\t<\/div>\n\t\t\t\t<div class=\"elementor-element elementor-element-99a86fa exad-sticky-section-no exad-glass-effect-no elementor-widget elementor-widget-exad-team-member\" data-id=\"99a86fa\" data-element_type=\"widget\" data-e-type=\"widget\" data-widget_type=\"exad-team-member.default\">\n\t\t\t\t<div class=\"elementor-widget-container\">\n\t\t\t\t\t\r\n\t\t<div class=\"exad-team-item\">\r\n\t\t\t<div class=\"exad-team-member exad-center exad-position-right\">\r\n\t\t\t\t\t\t\t\t\t\t\t\t\t\t<div class=\"exad-team-member-thumb\">\r\n\t\t\t\t\t\t\t<img fetchpriority=\"high\" decoding=\"async\" width=\"423\" height=\"466\" src=\"https:\/\/avemfund.eu\/de\/wp-content\/uploads\/2023\/06\/Wojciech-Nowicki_Avem.jpg\" class=\"attachment-large size-large wp-image-2915\" alt=\"\" srcset=\"https:\/\/avemfund.eu\/de\/wp-content\/uploads\/2023\/06\/Wojciech-Nowicki_Avem.jpg 423w, https:\/\/avemfund.eu\/de\/wp-content\/uploads\/2023\/06\/Wojciech-Nowicki_Avem-145x160.jpg 145w, https:\/\/avemfund.eu\/de\/wp-content\/uploads\/2023\/06\/Wojciech-Nowicki_Avem-320x353.jpg 320w\" sizes=\"(max-width: 423px) 100vw, 423px\" \/>\t\t\t\t\t\t<\/div>\r\n\t\t\t\t\t\r\n\t\t\t\t<div class=\"exad-team-member-content\">\r\n\t\t\t\t\t\t\t\t\t\t\t\t\t\t\t\t<h3 class=\"exad-team-member-name\">\r\n\t\t\t\t\t\t\tWojciech Nowicki \t\t\t\t\t\t<\/h3>\r\n\t\t\t\t\t\r\n\t\t\t\t\t\t\t\t\t\t\t<span class=\"exad-team-member-designation\">\r\n\t\t\t\t\t\tVizepr\u00e4sident des Vorstands\t\t\t\t\t\t<\/span>\r\n\t\t\t\t\t\r\n\t\t\t\t\t\t\t\t\t\t\t\t\t\t\t\t<div class=\"exad-team-member-about\">\r\n\t\t\t\t\t\tEr verf\u00fcgt \u00fcber langj\u00e4hrige Erfahrung in der Gesch\u00e4ftsf\u00fchrung eines gro\u00dfen Unternehmens, Schattdecor sp. z o.o., das Industriedesign f\u00fcr die Holz-M\u00f6bel-Industrie anbietet; au\u00dferdem hat er mehr als 10 Jahre Erfahrung in der Wirtschaftsberatung und Unternehmensfinanzierung.Mitglied des Aufsichtsrates von Eko Okna S.A. \nEhemaliges Mitglied des Aufsichtsrats von Eko Okna S.A.- dem gr\u00f6\u00dften Fensterhersteller in Europa.\t\t\t\t\t\t<\/div>\r\n\t\t\t\t\t\t\t\t\t\t\r\n\t\t\t\t\t\t\t\t\t\t\t<ul class=\"list-inline exad-team-member-social\">\r\n\t\t\t\t\t\t\t\t\r\n\t\t\t\t\t\t\t\t<li>\r\n\t\t\t\t\t\t\t\t\t<a href=\"#\" target=\"_blank\" class=\"exad-social-icon elementor-repeater-item-54aeeb5\">\r\n\t\t\t\t\t\t\t\t\t\t<i aria-hidden=\"true\" class=\"fab fa-facebook-f\"><\/i>\t\t\t\t\t\t\t\t\t<\/a>\r\n\t\t\t\t\t\t\t\t<\/li>\t\r\n\t\t\t\t\t\t\t\t\r\n\t\t\t\t\t\t\t\t<li>\r\n\t\t\t\t\t\t\t\t\t<a href=\"#\" target=\"_blank\" class=\"exad-social-icon elementor-repeater-item-cdbae16\">\r\n\t\t\t\t\t\t\t\t\t\t<i aria-hidden=\"true\" class=\"fab fa-twitter\"><\/i>\t\t\t\t\t\t\t\t\t<\/a>\r\n\t\t\t\t\t\t\t\t<\/li>\t\r\n\t\t\t\t\t\t\t\t\r\n\t\t\t\t\t\t\t\t<li>\r\n\t\t\t\t\t\t\t\t\t<a href=\"#\" target=\"_blank\" class=\"exad-social-icon elementor-repeater-item-aa18e26\">\r\n\t\t\t\t\t\t\t\t\t\t<i aria-hidden=\"true\" class=\"fab fa-linkedin-in\"><\/i>\t\t\t\t\t\t\t\t\t<\/a>\r\n\t\t\t\t\t\t\t\t<\/li>\t\r\n\t\t\t\t\t\t\t\t\r\n\t\t\t\t\t\t\t\t<li>\r\n\t\t\t\t\t\t\t\t\t<a href=\"#\" target=\"_blank\" class=\"exad-social-icon elementor-repeater-item-a9ad359\">\r\n\t\t\t\t\t\t\t\t\t\t<i aria-hidden=\"true\" class=\"fab fa-google-plus-g\"><\/i>\t\t\t\t\t\t\t\t\t<\/a>\r\n\t\t\t\t\t\t\t\t<\/li>\t\r\n\t\t\t\t\t\t\t\t\t\t\t\t\t<\/ul>\r\n\t\t\t\t\t\r\n\t\t\t\t<\/div>\r\n\t\t\t\t\t\r\n\t\t\t<\/div>\r\n\t\t<\/div>\t\r\n\t\t\t\t\t\t<\/div>\n\t\t\t\t<\/div>\n\t\t\t\t<div class=\"elementor-element elementor-element-4b65dfc exad-sticky-section-no exad-glass-effect-no elementor-widget elementor-widget-spacer\" data-id=\"4b65dfc\" data-element_type=\"widget\" data-e-type=\"widget\" data-widget_type=\"spacer.default\">\n\t\t\t\t<div class=\"elementor-widget-container\">\n\t\t\t\t\t\t\t<div class=\"elementor-spacer\">\n\t\t\t<div class=\"elementor-spacer-inner\"><\/div>\n\t\t<\/div>\n\t\t\t\t\t\t<\/div>\n\t\t\t\t<\/div>\n\t\t\t\t\t<\/div>\n\t\t<\/div>\n\t\t\t\t\t<\/div>\n\t\t<\/section>\n\t\t\t\t<\/div>\n\t\t","protected":false},"excerpt":{"rendered":"<p>AVEM-Vorstand Wir sind ein kleines Team von Analyseprofis und haben kein Problem damit, uns anders zu verhalten als der Markt oder der Mainstream. Denken Sie an David und Goliath. Wir f\u00fchren alle unsere Untersuchungen und Analysen selbst durch und kaufen keine externen Analysedienste ein. Wo AVEM draufsteht, sind auch AVEM-Analysedienste drin. Wir konzentrieren uns ganz&#8230;<\/p>\n","protected":false},"author":1,"featured_media":0,"parent":2643,"menu_order":3,"comment_status":"closed","ping_status":"closed","template":"elementor_header_footer","meta":{"footnotes":""},"class_list":["post-2939","page","type-page","status-publish","hentry"],"_links":{"self":[{"href":"https:\/\/avemfund.eu\/de\/wp-json\/wp\/v2\/pages\/2939","targetHints":{"allow":["GET"]}}],"collection":[{"href":"https:\/\/avemfund.eu\/de\/wp-json\/wp\/v2\/pages"}],"about":[{"href":"https:\/\/avemfund.eu\/de\/wp-json\/wp\/v2\/types\/page"}],"author":[{"embeddable":true,"href":"https:\/\/avemfund.eu\/de\/wp-json\/wp\/v2\/users\/1"}],"replies":[{"embeddable":true,"href":"https:\/\/avemfund.eu\/de\/wp-json\/wp\/v2\/comments?post=2939"}],"version-history":[{"count":109,"href":"https:\/\/avemfund.eu\/de\/wp-json\/wp\/v2\/pages\/2939\/revisions"}],"predecessor-version":[{"id":3564,"href":"https:\/\/avemfund.eu\/de\/wp-json\/wp\/v2\/pages\/2939\/revisions\/3564"}],"up":[{"embeddable":true,"href":"https:\/\/avemfund.eu\/de\/wp-json\/wp\/v2\/pages\/2643"}],"wp:attachment":[{"href":"https:\/\/avemfund.eu\/de\/wp-json\/wp\/v2\/media?parent=2939"}],"curies":[{"name":"wp","href":"https:\/\/api.w.org\/{rel}","templated":true}]}}