{"id":2656,"date":"2023-06-09T11:43:32","date_gmt":"2023-06-09T09:43:32","guid":{"rendered":"https:\/\/avemfund.eu\/de\/?page_id=2656"},"modified":"2024-07-05T11:02:42","modified_gmt":"2024-07-05T09:02:42","slug":"rada-nadzorcza","status":"publish","type":"page","link":"https:\/\/avemfund.eu\/de\/inwestorzy\/rada-nadzorcza\/","title":{"rendered":"Rada Nadzorcza"},"content":{"rendered":"\t\t<div data-elementor-type=\"wp-page\" data-elementor-id=\"2656\" class=\"elementor elementor-2656\">\n\t\t\t\t\t\t<section class=\"elementor-section elementor-top-section elementor-element elementor-element-3afe948c elementor-section-full_width elementor-section-height-min-height elementor-section-height-default elementor-section-items-middle exad-glass-effect-no exad-sticky-section-no\" data-id=\"3afe948c\" data-element_type=\"section\" data-e-type=\"section\" data-settings=\"{&quot;background_background&quot;:&quot;classic&quot;}\">\n\t\t\t\t\t\t<div class=\"elementor-container elementor-column-gap-default\">\n\t\t\t\t\t<div class=\"elementor-column elementor-col-100 elementor-top-column elementor-element elementor-element-598e8489 exad-glass-effect-no exad-sticky-section-no\" data-id=\"598e8489\" data-element_type=\"column\" data-e-type=\"column\">\n\t\t\t<div class=\"elementor-widget-wrap elementor-element-populated\">\n\t\t\t\t\t\t<div class=\"elementor-element elementor-element-78f79602 exad-sticky-section-no exad-glass-effect-no elementor-widget elementor-widget-heading\" data-id=\"78f79602\" data-element_type=\"widget\" data-e-type=\"widget\" data-widget_type=\"heading.default\">\n\t\t\t\t<div class=\"elementor-widget-container\">\n\t\t\t\t\t<h1 class=\"elementor-heading-title elementor-size-default\">Aufsichtsrat<\/h1>\t\t\t\t<\/div>\n\t\t\t\t<\/div>\n\t\t\t\t\t<\/div>\n\t\t<\/div>\n\t\t\t\t\t<\/div>\n\t\t<\/section>\n\t\t\t\t<section class=\"elementor-section elementor-top-section elementor-element elementor-element-77676c5 elementor-section-boxed elementor-section-height-default elementor-section-height-default exad-glass-effect-no exad-sticky-section-no\" data-id=\"77676c5\" data-element_type=\"section\" data-e-type=\"section\">\n\t\t\t\t\t\t<div class=\"elementor-container elementor-column-gap-default\">\n\t\t\t\t\t<div class=\"elementor-column elementor-col-100 elementor-top-column elementor-element elementor-element-2a186e9b exad-glass-effect-no exad-sticky-section-no\" data-id=\"2a186e9b\" data-element_type=\"column\" data-e-type=\"column\">\n\t\t\t<div class=\"elementor-widget-wrap elementor-element-populated\">\n\t\t\t\t\t\t<div class=\"elementor-element elementor-element-c1e053d exad-sticky-section-no exad-glass-effect-no elementor-widget elementor-widget-spacer\" data-id=\"c1e053d\" data-element_type=\"widget\" data-e-type=\"widget\" data-widget_type=\"spacer.default\">\n\t\t\t\t<div class=\"elementor-widget-container\">\n\t\t\t\t\t\t\t<div class=\"elementor-spacer\">\n\t\t\t<div class=\"elementor-spacer-inner\"><\/div>\n\t\t<\/div>\n\t\t\t\t\t\t<\/div>\n\t\t\t\t<\/div>\n\t\t\t\t<div class=\"elementor-element elementor-element-370b1cc6 exad-sticky-section-no exad-glass-effect-no elementor-widget elementor-widget-spacer\" data-id=\"370b1cc6\" data-element_type=\"widget\" data-e-type=\"widget\" data-widget_type=\"spacer.default\">\n\t\t\t\t<div class=\"elementor-widget-container\">\n\t\t\t\t\t\t\t<div class=\"elementor-spacer\">\n\t\t\t<div class=\"elementor-spacer-inner\"><\/div>\n\t\t<\/div>\n\t\t\t\t\t\t<\/div>\n\t\t\t\t<\/div>\n\t\t\t\t<div class=\"elementor-element elementor-element-59cef98 exad-sticky-section-no exad-glass-effect-no elementor-widget elementor-widget-exad-team-member\" data-id=\"59cef98\" data-element_type=\"widget\" data-e-type=\"widget\" data-widget_type=\"exad-team-member.default\">\n\t\t\t\t<div class=\"elementor-widget-container\">\n\t\t\t\t\t\r\n\t\t<div class=\"exad-team-item\">\r\n\t\t\t<div class=\"exad-team-member exad-center exad-position-left\">\r\n\t\t\t\t\t\t\t\t\t\t\t\t\t\t<div class=\"exad-team-member-thumb\">\r\n\t\t\t\t\t\t\t<img fetchpriority=\"high\" decoding=\"async\" width=\"450\" height=\"364\" src=\"https:\/\/avemfund.eu\/de\/wp-content\/uploads\/2024\/03\/Krzysztof_Lyskawa-e1709414179132.png\" class=\"attachment-large size-large wp-image-3356\" alt=\"\" srcset=\"https:\/\/avemfund.eu\/de\/wp-content\/uploads\/2024\/03\/Krzysztof_Lyskawa-e1709414179132.png 450w, https:\/\/avemfund.eu\/de\/wp-content\/uploads\/2024\/03\/Krzysztof_Lyskawa-e1709414179132-160x129.png 160w, https:\/\/avemfund.eu\/de\/wp-content\/uploads\/2024\/03\/Krzysztof_Lyskawa-e1709414179132-320x259.png 320w\" sizes=\"(max-width: 450px) 100vw, 450px\" \/>\t\t\t\t\t\t<\/div>\r\n\t\t\t\t\t\r\n\t\t\t\t<div class=\"exad-team-member-content\">\r\n\t\t\t\t\t\t\t\t\t\t\t\t\t\t\t\t<h3 class=\"exad-team-member-name\">\r\n\t\t\t\t\t\t\tProf. Krzysztof \u0141yskawa \t\t\t\t\t\t<\/h3>\r\n\t\t\t\t\t\r\n\t\t\t\t\t\t\t\t\t\t\t<span class=\"exad-team-member-designation\">\r\n\t\t\t\t\t\tVorsitzender des Aufsichtsrats\t\t\t\t\t\t<\/span>\r\n\t\t\t\t\t\r\n\t\t\t\t\t\t\t\t\t\t\t\t\t\t\t\t<div class=\"exad-team-member-about\">\r\n\t\t\t\t\t\tEs vereint Erfahrungen aus der Wissenschaft, Privatunternehmen und Industrieverb\u00e4nden. Seit 1998 ist er auf dem Versicherungsmarkt in Maklerunternehmen t\u00e4tig. Mitglied des Sachversicherungsausschusses der Polnischen Versicherungskammer (Unterausschuss f\u00fcr Agrarversicherungen). Dar\u00fcber hinaus war er Mitglied des Teams, das die Gesch\u00e4ftsstrategie f\u00fcr PTU SA (heute Wiener) vorbereitete. Autor von \u00fcber 100 Werken im Versicherungsbereich, Mitautor wissenschaftlicher Lehrb\u00fccher. Er war aktiv an der Umsetzung wissenschaftlicher Projekte im Bereich der Agrarversicherung in Polen und Italien beteiligt. Experte des Nationalen Rates der Landwirtschaftskammern im Bereich Versicherungen in der Landwirtschaft. Vertreter der polnischen Landwirte im Copa Cogeca-Komitee (Versicherungs- und Risikomanagementteam).\t\t\t\t\t\t<\/div>\r\n\t\t\t\t\t\t\t\t\t\t\r\n\t\t\t\t\t\t\t\t\t\t\t<ul class=\"list-inline exad-team-member-social\">\r\n\t\t\t\t\t\t\t\t\r\n\t\t\t\t\t\t\t\t<li>\r\n\t\t\t\t\t\t\t\t\t<a href=\"#\" target=\"_blank\" class=\"exad-social-icon elementor-repeater-item-54aeeb5\">\r\n\t\t\t\t\t\t\t\t\t\t<i aria-hidden=\"true\" class=\"fab fa-facebook-f\"><\/i>\t\t\t\t\t\t\t\t\t<\/a>\r\n\t\t\t\t\t\t\t\t<\/li>\t\r\n\t\t\t\t\t\t\t\t\r\n\t\t\t\t\t\t\t\t<li>\r\n\t\t\t\t\t\t\t\t\t<a href=\"#\" target=\"_blank\" class=\"exad-social-icon elementor-repeater-item-cdbae16\">\r\n\t\t\t\t\t\t\t\t\t\t<i aria-hidden=\"true\" class=\"fab fa-twitter\"><\/i>\t\t\t\t\t\t\t\t\t<\/a>\r\n\t\t\t\t\t\t\t\t<\/li>\t\r\n\t\t\t\t\t\t\t\t\r\n\t\t\t\t\t\t\t\t<li>\r\n\t\t\t\t\t\t\t\t\t<a href=\"#\" target=\"_blank\" class=\"exad-social-icon elementor-repeater-item-aa18e26\">\r\n\t\t\t\t\t\t\t\t\t\t<i aria-hidden=\"true\" class=\"fab fa-linkedin-in\"><\/i>\t\t\t\t\t\t\t\t\t<\/a>\r\n\t\t\t\t\t\t\t\t<\/li>\t\r\n\t\t\t\t\t\t\t\t\r\n\t\t\t\t\t\t\t\t<li>\r\n\t\t\t\t\t\t\t\t\t<a href=\"#\" target=\"_blank\" class=\"exad-social-icon elementor-repeater-item-a9ad359\">\r\n\t\t\t\t\t\t\t\t\t\t<i aria-hidden=\"true\" class=\"fab fa-google-plus-g\"><\/i>\t\t\t\t\t\t\t\t\t<\/a>\r\n\t\t\t\t\t\t\t\t<\/li>\t\r\n\t\t\t\t\t\t\t\t\t\t\t\t\t<\/ul>\r\n\t\t\t\t\t\r\n\t\t\t\t<\/div>\r\n\t\t\t\t\t\r\n\t\t\t<\/div>\r\n\t\t<\/div>\t\r\n\t\t\t\t\t\t<\/div>\n\t\t\t\t<\/div>\n\t\t\t\t<div class=\"elementor-element elementor-element-3984d244 exad-sticky-section-no exad-glass-effect-no elementor-widget elementor-widget-exad-team-member\" data-id=\"3984d244\" data-element_type=\"widget\" data-e-type=\"widget\" data-widget_type=\"exad-team-member.default\">\n\t\t\t\t<div class=\"elementor-widget-container\">\n\t\t\t\t\t\r\n\t\t<div class=\"exad-team-item\">\r\n\t\t\t<div class=\"exad-team-member exad-center exad-position-right\">\r\n\t\t\t\t\t\t\t\t\t\t\t\t\t\t<div class=\"exad-team-member-thumb\">\r\n\t\t\t\t\t\t\t<img decoding=\"async\" width=\"914\" height=\"1280\" src=\"https:\/\/avemfund.eu\/de\/wp-content\/uploads\/2024\/03\/cyfert_sz.jpg\" class=\"attachment-large size-large wp-image-3363\" alt=\"\" srcset=\"https:\/\/avemfund.eu\/de\/wp-content\/uploads\/2024\/03\/cyfert_sz.jpg 914w, https:\/\/avemfund.eu\/de\/wp-content\/uploads\/2024\/03\/cyfert_sz-640x896.jpg 640w, https:\/\/avemfund.eu\/de\/wp-content\/uploads\/2024\/03\/cyfert_sz-114x160.jpg 114w, https:\/\/avemfund.eu\/de\/wp-content\/uploads\/2024\/03\/cyfert_sz-768x1076.jpg 768w, https:\/\/avemfund.eu\/de\/wp-content\/uploads\/2024\/03\/cyfert_sz-320x448.jpg 320w\" sizes=\"(max-width: 914px) 100vw, 914px\" \/>\t\t\t\t\t\t<\/div>\r\n\t\t\t\t\t\r\n\t\t\t\t<div class=\"exad-team-member-content\">\r\n\t\t\t\t\t\t\t\t\t\t\t\t\t\t\t\t<h3 class=\"exad-team-member-name\">\r\n\t\t\t\t\t\t\tProf. Szymon Cyfert \t\t\t\t\t\t<\/h3>\r\n\t\t\t\t\t\r\n\t\t\t\t\t\r\n\t\t\t\t\t\t\t\t\t\t\t\t\t\t\t\t<div class=\"exad-team-member-about\">\r\n\t\t\t\t\t\tZwanzig Jahre Erfahrung in der Konzeption und Implementierung von Managementsystemen, Entwicklungsstrategien usw. f\u00fcr z. B.: Energa S.A., PGE, Ruch S.A., PKO B.P., Orlen, Lotos, Polmos Pozna\u0144, Fortis Bank, Manager zahlreicher wissenschaftlicher Projekte im Bereich \u200b\u200borganisatorische Verbesserung, Entwurfs- und Umsetzungsstrategien, Organisationsstrukturen, Prozessentwicklung sowie Umstrukturierung und Privatisierung von Unternehmen. Autor von \u00fcber 200 Publikationen und wissenschaftlichen Monographien im Bereich Unternehmensf\u00fchrung.\t\t\t\t\t\t<\/div>\r\n\t\t\t\t\t\t\t\t\t\t\r\n\t\t\t\t\t\t\t\t\t\t\t<ul class=\"list-inline exad-team-member-social\">\r\n\t\t\t\t\t\t\t\t\r\n\t\t\t\t\t\t\t\t<li>\r\n\t\t\t\t\t\t\t\t\t<a href=\"#\" target=\"_blank\" class=\"exad-social-icon elementor-repeater-item-54aeeb5\">\r\n\t\t\t\t\t\t\t\t\t\t<i aria-hidden=\"true\" class=\"fab fa-facebook-f\"><\/i>\t\t\t\t\t\t\t\t\t<\/a>\r\n\t\t\t\t\t\t\t\t<\/li>\t\r\n\t\t\t\t\t\t\t\t\r\n\t\t\t\t\t\t\t\t<li>\r\n\t\t\t\t\t\t\t\t\t<a href=\"#\" target=\"_blank\" class=\"exad-social-icon elementor-repeater-item-cdbae16\">\r\n\t\t\t\t\t\t\t\t\t\t<i aria-hidden=\"true\" class=\"fab fa-twitter\"><\/i>\t\t\t\t\t\t\t\t\t<\/a>\r\n\t\t\t\t\t\t\t\t<\/li>\t\r\n\t\t\t\t\t\t\t\t\r\n\t\t\t\t\t\t\t\t<li>\r\n\t\t\t\t\t\t\t\t\t<a href=\"#\" target=\"_blank\" class=\"exad-social-icon elementor-repeater-item-aa18e26\">\r\n\t\t\t\t\t\t\t\t\t\t<i aria-hidden=\"true\" class=\"fab fa-linkedin-in\"><\/i>\t\t\t\t\t\t\t\t\t<\/a>\r\n\t\t\t\t\t\t\t\t<\/li>\t\r\n\t\t\t\t\t\t\t\t\r\n\t\t\t\t\t\t\t\t<li>\r\n\t\t\t\t\t\t\t\t\t<a href=\"#\" target=\"_blank\" class=\"exad-social-icon elementor-repeater-item-a9ad359\">\r\n\t\t\t\t\t\t\t\t\t\t<i aria-hidden=\"true\" class=\"fab fa-google-plus-g\"><\/i>\t\t\t\t\t\t\t\t\t<\/a>\r\n\t\t\t\t\t\t\t\t<\/li>\t\r\n\t\t\t\t\t\t\t\t\t\t\t\t\t<\/ul>\r\n\t\t\t\t\t\r\n\t\t\t\t<\/div>\r\n\t\t\t\t\t\r\n\t\t\t<\/div>\r\n\t\t<\/div>\t\r\n\t\t\t\t\t\t<\/div>\n\t\t\t\t<\/div>\n\t\t\t\t<div class=\"elementor-element elementor-element-e89ad17 exad-sticky-section-no exad-glass-effect-no elementor-widget elementor-widget-spacer\" data-id=\"e89ad17\" data-element_type=\"widget\" data-e-type=\"widget\" data-widget_type=\"spacer.default\">\n\t\t\t\t<div class=\"elementor-widget-container\">\n\t\t\t\t\t\t\t<div class=\"elementor-spacer\">\n\t\t\t<div class=\"elementor-spacer-inner\"><\/div>\n\t\t<\/div>\n\t\t\t\t\t\t<\/div>\n\t\t\t\t<\/div>\n\t\t\t\t<div class=\"elementor-element elementor-element-660f368 exad-sticky-section-no exad-glass-effect-no elementor-widget elementor-widget-exad-team-member\" data-id=\"660f368\" data-element_type=\"widget\" data-e-type=\"widget\" data-widget_type=\"exad-team-member.default\">\n\t\t\t\t<div class=\"elementor-widget-container\">\n\t\t\t\t\t\r\n\t\t<div class=\"exad-team-item\">\r\n\t\t\t<div class=\"exad-team-member exad-center exad-position-left\">\r\n\t\t\t\t\t\t\t\t\t\t\t\t\t\t<div class=\"exad-team-member-thumb\">\r\n\t\t\t\t\t\t\t<img decoding=\"async\" width=\"351\" height=\"292\" src=\"https:\/\/avemfund.eu\/de\/wp-content\/uploads\/2024\/03\/Rober-Barski-e1709414520784.png\" class=\"attachment-large size-large wp-image-3365\" alt=\"\" srcset=\"https:\/\/avemfund.eu\/de\/wp-content\/uploads\/2024\/03\/Rober-Barski-e1709414520784.png 351w, https:\/\/avemfund.eu\/de\/wp-content\/uploads\/2024\/03\/Rober-Barski-e1709414520784-160x133.png 160w, https:\/\/avemfund.eu\/de\/wp-content\/uploads\/2024\/03\/Rober-Barski-e1709414520784-320x266.png 320w\" sizes=\"(max-width: 351px) 100vw, 351px\" \/>\t\t\t\t\t\t<\/div>\r\n\t\t\t\t\t\r\n\t\t\t\t<div class=\"exad-team-member-content\">\r\n\t\t\t\t\t\t\t\t\t\t\t\t\t\t\t\t<h3 class=\"exad-team-member-name\">\r\n\t\t\t\t\t\t\tDr Robert Barski \t\t\t\t\t\t<\/h3>\r\n\t\t\t\t\t\r\n\t\t\t\t\t\r\n\t\t\t\t\t\t\t\t\t\t\t\t\t\t\t\t<div class=\"exad-team-member-about\">\r\n\t\t\t\t\t\tAssistenzprofessor an der Fakult\u00e4t f\u00fcr Technologie der Akademie von Jakub aus Parady\u017c in Gorz\u00f3w Wielkopolski, ehemaliger Pr\u00e4sident von Smart Data Lights Sp. z o.o. z o. o., Marketingspezialist Winbook Polska sp z o., Kotrak S.A. - Experte f\u00fcr Elektromobilit\u00e4t. Erfahrung als langj\u00e4hriger Leiter des Academic Business Incubator. Betreuer von \u00fcber 90 Ingenieur- und Masterarbeiten. Autor von Lehrmaterialien f\u00fcr Studierende des ersten und zweiten Zyklus im Bereich Mechanik und Maschinenbau. Autor des Selbstbeurteilungsberichts f\u00fcr den Bereich Mechanik und Maschinenbau. Mitersteller des Studienplans f\u00fcr das Fachgebiet.\t\t\t\t\t\t<\/div>\r\n\t\t\t\t\t\t\t\t\t\t\r\n\t\t\t\t\t\t\t\t\t\t\t<ul class=\"list-inline exad-team-member-social\">\r\n\t\t\t\t\t\t\t\t\r\n\t\t\t\t\t\t\t\t<li>\r\n\t\t\t\t\t\t\t\t\t<a href=\"#\" target=\"_blank\" class=\"exad-social-icon elementor-repeater-item-54aeeb5\">\r\n\t\t\t\t\t\t\t\t\t\t<i aria-hidden=\"true\" class=\"fab fa-facebook-f\"><\/i>\t\t\t\t\t\t\t\t\t<\/a>\r\n\t\t\t\t\t\t\t\t<\/li>\t\r\n\t\t\t\t\t\t\t\t\r\n\t\t\t\t\t\t\t\t<li>\r\n\t\t\t\t\t\t\t\t\t<a href=\"#\" target=\"_blank\" class=\"exad-social-icon elementor-repeater-item-cdbae16\">\r\n\t\t\t\t\t\t\t\t\t\t<i aria-hidden=\"true\" class=\"fab fa-twitter\"><\/i>\t\t\t\t\t\t\t\t\t<\/a>\r\n\t\t\t\t\t\t\t\t<\/li>\t\r\n\t\t\t\t\t\t\t\t\r\n\t\t\t\t\t\t\t\t<li>\r\n\t\t\t\t\t\t\t\t\t<a href=\"#\" target=\"_blank\" class=\"exad-social-icon elementor-repeater-item-aa18e26\">\r\n\t\t\t\t\t\t\t\t\t\t<i aria-hidden=\"true\" class=\"fab fa-linkedin-in\"><\/i>\t\t\t\t\t\t\t\t\t<\/a>\r\n\t\t\t\t\t\t\t\t<\/li>\t\r\n\t\t\t\t\t\t\t\t\r\n\t\t\t\t\t\t\t\t<li>\r\n\t\t\t\t\t\t\t\t\t<a href=\"#\" target=\"_blank\" class=\"exad-social-icon elementor-repeater-item-a9ad359\">\r\n\t\t\t\t\t\t\t\t\t\t<i aria-hidden=\"true\" class=\"fab fa-google-plus-g\"><\/i>\t\t\t\t\t\t\t\t\t<\/a>\r\n\t\t\t\t\t\t\t\t<\/li>\t\r\n\t\t\t\t\t\t\t\t\t\t\t\t\t<\/ul>\r\n\t\t\t\t\t\r\n\t\t\t\t<\/div>\r\n\t\t\t\t\t\r\n\t\t\t<\/div>\r\n\t\t<\/div>\t\r\n\t\t\t\t\t\t<\/div>\n\t\t\t\t<\/div>\n\t\t\t\t<div class=\"elementor-element elementor-element-b45233a exad-sticky-section-no exad-glass-effect-no elementor-widget elementor-widget-spacer\" data-id=\"b45233a\" data-element_type=\"widget\" data-e-type=\"widget\" data-widget_type=\"spacer.default\">\n\t\t\t\t<div class=\"elementor-widget-container\">\n\t\t\t\t\t\t\t<div class=\"elementor-spacer\">\n\t\t\t<div class=\"elementor-spacer-inner\"><\/div>\n\t\t<\/div>\n\t\t\t\t\t\t<\/div>\n\t\t\t\t<\/div>\n\t\t\t\t<div class=\"elementor-element elementor-element-51e5b39 exad-sticky-section-no exad-glass-effect-no elementor-widget elementor-widget-spacer\" data-id=\"51e5b39\" data-element_type=\"widget\" data-e-type=\"widget\" data-widget_type=\"spacer.default\">\n\t\t\t\t<div class=\"elementor-widget-container\">\n\t\t\t\t\t\t\t<div class=\"elementor-spacer\">\n\t\t\t<div class=\"elementor-spacer-inner\"><\/div>\n\t\t<\/div>\n\t\t\t\t\t\t<\/div>\n\t\t\t\t<\/div>\n\t\t\t\t<div class=\"elementor-element elementor-element-9e1f88e exad-sticky-section-no exad-glass-effect-no elementor-widget elementor-widget-exad-team-member\" data-id=\"9e1f88e\" data-element_type=\"widget\" data-e-type=\"widget\" data-widget_type=\"exad-team-member.default\">\n\t\t\t\t<div class=\"elementor-widget-container\">\n\t\t\t\t\t\r\n\t\t<div class=\"exad-team-item\">\r\n\t\t\t<div class=\"exad-team-member exad-center exad-position-right\">\r\n\t\t\t\t\t\t\t\t\t\t\t\t\t\t<div class=\"exad-team-member-thumb\">\r\n\t\t\t\t\t\t\t<img loading=\"lazy\" decoding=\"async\" width=\"1200\" height=\"1221\" src=\"https:\/\/avemfund.eu\/de\/wp-content\/uploads\/2024\/03\/Magdalena-Sliwinska-RN-AVEM-croped-1-1280x1302.jpg\" class=\"attachment-large size-large wp-image-3366\" alt=\"\" srcset=\"https:\/\/avemfund.eu\/de\/wp-content\/uploads\/2024\/03\/Magdalena-Sliwinska-RN-AVEM-croped-1-1280x1302.jpg 1280w, https:\/\/avemfund.eu\/de\/wp-content\/uploads\/2024\/03\/Magdalena-Sliwinska-RN-AVEM-croped-1-640x651.jpg 640w, https:\/\/avemfund.eu\/de\/wp-content\/uploads\/2024\/03\/Magdalena-Sliwinska-RN-AVEM-croped-1-157x160.jpg 157w, https:\/\/avemfund.eu\/de\/wp-content\/uploads\/2024\/03\/Magdalena-Sliwinska-RN-AVEM-croped-1-768x781.jpg 768w, https:\/\/avemfund.eu\/de\/wp-content\/uploads\/2024\/03\/Magdalena-Sliwinska-RN-AVEM-croped-1-1510x1536.jpg 1510w, https:\/\/avemfund.eu\/de\/wp-content\/uploads\/2024\/03\/Magdalena-Sliwinska-RN-AVEM-croped-1-320x326.jpg 320w, https:\/\/avemfund.eu\/de\/wp-content\/uploads\/2024\/03\/Magdalena-Sliwinska-RN-AVEM-croped-1.jpg 1666w\" sizes=\"(max-width: 1200px) 100vw, 1200px\" \/>\t\t\t\t\t\t<\/div>\r\n\t\t\t\t\t\r\n\t\t\t\t<div class=\"exad-team-member-content\">\r\n\t\t\t\t\t\t\t\t\t\t\t\t\t\t\t\t<h3 class=\"exad-team-member-name\">\r\n\t\t\t\t\t\t\tDr Magdalena \u015aliwi\u0144ska \t\t\t\t\t\t<\/h3>\r\n\t\t\t\t\t\r\n\t\t\t\t\t\r\n\t\t\t\t\t\t\t\t\t\t\t\t\t\t\t\t<div class=\"exad-team-member-about\">\r\n\t\t\t\t\t\tDoktor der Wirtschaftswissenschaften an der Wirtschaftsuniversit\u00e4t Posen, Mitarbeiter der Abteilung f\u00fcr Europastudien, Experte der Europ\u00e4ischen Kommission f\u00fcr nachhaltige Entwicklung und fairen Handel, Autor zahlreicher wissenschaftlicher Publikationen im Bereich Wettbewerb im EU-Binnenmarkt, EU-Wettbewerbspolitik, Nachhaltige Entwicklung und fairer Handel.\t\t\t\t\t\t<\/div>\r\n\t\t\t\t\t\t\t\t\t\t\r\n\t\t\t\t\t\t\t\t\t\t\t<ul class=\"list-inline exad-team-member-social\">\r\n\t\t\t\t\t\t\t\t\r\n\t\t\t\t\t\t\t\t<li>\r\n\t\t\t\t\t\t\t\t\t<a href=\"#\" target=\"_blank\" class=\"exad-social-icon elementor-repeater-item-54aeeb5\">\r\n\t\t\t\t\t\t\t\t\t\t<i aria-hidden=\"true\" class=\"fab fa-facebook-f\"><\/i>\t\t\t\t\t\t\t\t\t<\/a>\r\n\t\t\t\t\t\t\t\t<\/li>\t\r\n\t\t\t\t\t\t\t\t\r\n\t\t\t\t\t\t\t\t<li>\r\n\t\t\t\t\t\t\t\t\t<a href=\"#\" target=\"_blank\" class=\"exad-social-icon elementor-repeater-item-cdbae16\">\r\n\t\t\t\t\t\t\t\t\t\t<i aria-hidden=\"true\" class=\"fab fa-twitter\"><\/i>\t\t\t\t\t\t\t\t\t<\/a>\r\n\t\t\t\t\t\t\t\t<\/li>\t\r\n\t\t\t\t\t\t\t\t\r\n\t\t\t\t\t\t\t\t<li>\r\n\t\t\t\t\t\t\t\t\t<a href=\"#\" target=\"_blank\" class=\"exad-social-icon elementor-repeater-item-aa18e26\">\r\n\t\t\t\t\t\t\t\t\t\t<i aria-hidden=\"true\" class=\"fab fa-linkedin-in\"><\/i>\t\t\t\t\t\t\t\t\t<\/a>\r\n\t\t\t\t\t\t\t\t<\/li>\t\r\n\t\t\t\t\t\t\t\t\r\n\t\t\t\t\t\t\t\t<li>\r\n\t\t\t\t\t\t\t\t\t<a href=\"#\" target=\"_blank\" class=\"exad-social-icon elementor-repeater-item-a9ad359\">\r\n\t\t\t\t\t\t\t\t\t\t<i aria-hidden=\"true\" class=\"fab fa-google-plus-g\"><\/i>\t\t\t\t\t\t\t\t\t<\/a>\r\n\t\t\t\t\t\t\t\t<\/li>\t\r\n\t\t\t\t\t\t\t\t\t\t\t\t\t<\/ul>\r\n\t\t\t\t\t\r\n\t\t\t\t<\/div>\r\n\t\t\t\t\t\r\n\t\t\t<\/div>\r\n\t\t<\/div>\t\r\n\t\t\t\t\t\t<\/div>\n\t\t\t\t<\/div>\n\t\t\t\t<div class=\"elementor-element elementor-element-b4b99c8 exad-sticky-section-no exad-glass-effect-no elementor-widget elementor-widget-exad-team-member\" data-id=\"b4b99c8\" data-element_type=\"widget\" data-e-type=\"widget\" data-widget_type=\"exad-team-member.default\">\n\t\t\t\t<div class=\"elementor-widget-container\">\n\t\t\t\t\t\r\n\t\t<div class=\"exad-team-item\">\r\n\t\t\t<div class=\"exad-team-member exad-center exad-position-left\">\r\n\t\t\t\t\t\t\t\t\t\t\t\t\t\t<div class=\"exad-team-member-thumb\">\r\n\t\t\t\t\t\t\t<img loading=\"lazy\" decoding=\"async\" width=\"1200\" height=\"1686\" src=\"https:\/\/avemfund.eu\/de\/wp-content\/uploads\/2024\/06\/DSC_0180z-1280x1798.jpg\" class=\"attachment-large size-large wp-image-3462\" alt=\"\" srcset=\"https:\/\/avemfund.eu\/de\/wp-content\/uploads\/2024\/06\/DSC_0180z-1280x1798.jpg 1280w, https:\/\/avemfund.eu\/de\/wp-content\/uploads\/2024\/06\/DSC_0180z-640x899.jpg 640w, https:\/\/avemfund.eu\/de\/wp-content\/uploads\/2024\/06\/DSC_0180z-114x160.jpg 114w, https:\/\/avemfund.eu\/de\/wp-content\/uploads\/2024\/06\/DSC_0180z-768x1079.jpg 768w, https:\/\/avemfund.eu\/de\/wp-content\/uploads\/2024\/06\/DSC_0180z-1094x1536.jpg 1094w, https:\/\/avemfund.eu\/de\/wp-content\/uploads\/2024\/06\/DSC_0180z-320x449.jpg 320w, https:\/\/avemfund.eu\/de\/wp-content\/uploads\/2024\/06\/DSC_0180z.jpg 1332w\" sizes=\"(max-width: 1200px) 100vw, 1200px\" \/>\t\t\t\t\t\t<\/div>\r\n\t\t\t\t\t\r\n\t\t\t\t<div class=\"exad-team-member-content\">\r\n\t\t\t\t\t\t\t\t\t\t\t\t\t\t\t\t<h3 class=\"exad-team-member-name\">\r\n\t\t\t\t\t\t\tW\u0142odzimierz Trojan \t\t\t\t\t\t<\/h3>\r\n\t\t\t\t\t\r\n\t\t\t\t\t\r\n\t\t\t\t\t\t\t\t\t\t\t\t\t\t\t\t<div class=\"exad-team-member-about\">\r\n\t\t\t\t\t\t\u00dcber drei\u00dfig Jahre Erfahrung als Unternehmer in der Holzindustrie, haupts\u00e4chlich Bauschreinerei und Innenausbau. Sie ist haupts\u00e4chlich auf dem deutschen Markt, aber auch auf dem polnischen Markt t\u00e4tig. Er schuf mit TRELLI eine starke Marke f\u00fcr die Herstellung von Holztreppen, die auf dem deutschen Markt wichtig ist und bei den Kunden hohe Anerkennung genie\u00dft. Er ist Experte in der Holzindustrie im Bereich Verarbeitungstechnik und Maschinen f\u00fcr die Holzindustrie.\t\t\t\t\t\t<\/div>\r\n\t\t\t\t\t\t\t\t\t\t\r\n\t\t\t\t\t\t\t\t\t\t\t<ul class=\"list-inline exad-team-member-social\">\r\n\t\t\t\t\t\t\t\t\r\n\t\t\t\t\t\t\t\t<li>\r\n\t\t\t\t\t\t\t\t\t<a href=\"#\" target=\"_blank\" class=\"exad-social-icon elementor-repeater-item-54aeeb5\">\r\n\t\t\t\t\t\t\t\t\t\t<i aria-hidden=\"true\" class=\"fab fa-facebook-f\"><\/i>\t\t\t\t\t\t\t\t\t<\/a>\r\n\t\t\t\t\t\t\t\t<\/li>\t\r\n\t\t\t\t\t\t\t\t\r\n\t\t\t\t\t\t\t\t<li>\r\n\t\t\t\t\t\t\t\t\t<a href=\"#\" target=\"_blank\" class=\"exad-social-icon elementor-repeater-item-cdbae16\">\r\n\t\t\t\t\t\t\t\t\t\t<i aria-hidden=\"true\" class=\"fab fa-twitter\"><\/i>\t\t\t\t\t\t\t\t\t<\/a>\r\n\t\t\t\t\t\t\t\t<\/li>\t\r\n\t\t\t\t\t\t\t\t\r\n\t\t\t\t\t\t\t\t<li>\r\n\t\t\t\t\t\t\t\t\t<a href=\"#\" target=\"_blank\" class=\"exad-social-icon elementor-repeater-item-aa18e26\">\r\n\t\t\t\t\t\t\t\t\t\t<i aria-hidden=\"true\" class=\"fab fa-linkedin-in\"><\/i>\t\t\t\t\t\t\t\t\t<\/a>\r\n\t\t\t\t\t\t\t\t<\/li>\t\r\n\t\t\t\t\t\t\t\t\r\n\t\t\t\t\t\t\t\t<li>\r\n\t\t\t\t\t\t\t\t\t<a href=\"#\" target=\"_blank\" class=\"exad-social-icon elementor-repeater-item-a9ad359\">\r\n\t\t\t\t\t\t\t\t\t\t<i aria-hidden=\"true\" class=\"fab fa-google-plus-g\"><\/i>\t\t\t\t\t\t\t\t\t<\/a>\r\n\t\t\t\t\t\t\t\t<\/li>\t\r\n\t\t\t\t\t\t\t\t\t\t\t\t\t<\/ul>\r\n\t\t\t\t\t\r\n\t\t\t\t<\/div>\r\n\t\t\t\t\t\r\n\t\t\t<\/div>\r\n\t\t<\/div>\t\r\n\t\t\t\t\t\t<\/div>\n\t\t\t\t<\/div>\n\t\t\t\t<div class=\"elementor-element elementor-element-210c5ead exad-sticky-section-no exad-glass-effect-no elementor-widget elementor-widget-spacer\" data-id=\"210c5ead\" data-element_type=\"widget\" data-e-type=\"widget\" data-widget_type=\"spacer.default\">\n\t\t\t\t<div class=\"elementor-widget-container\">\n\t\t\t\t\t\t\t<div class=\"elementor-spacer\">\n\t\t\t<div class=\"elementor-spacer-inner\"><\/div>\n\t\t<\/div>\n\t\t\t\t\t\t<\/div>\n\t\t\t\t<\/div>\n\t\t\t\t\t<\/div>\n\t\t<\/div>\n\t\t\t\t\t<\/div>\n\t\t<\/section>\n\t\t\t\t<section class=\"elementor-section elementor-top-section elementor-element elementor-element-612ec86 elementor-section-boxed elementor-section-height-default elementor-section-height-default exad-glass-effect-no exad-sticky-section-no\" data-id=\"612ec86\" data-element_type=\"section\" data-e-type=\"section\">\n\t\t\t\t\t\t<div class=\"elementor-container elementor-column-gap-default\">\n\t\t\t\t\t<div class=\"elementor-column elementor-col-100 elementor-top-column elementor-element elementor-element-d5372c2 exad-glass-effect-no exad-sticky-section-no\" data-id=\"d5372c2\" data-element_type=\"column\" data-e-type=\"column\">\n\t\t\t<div class=\"elementor-widget-wrap elementor-element-populated\">\n\t\t\t\t\t\t<div class=\"elementor-element elementor-element-92d8834 exad-sticky-section-no exad-glass-effect-no elementor-widget elementor-widget-heading\" data-id=\"92d8834\" data-element_type=\"widget\" data-e-type=\"widget\" data-widget_type=\"heading.default\">\n\t\t\t\t<div class=\"elementor-widget-container\">\n\t\t\t\t\t<h2 class=\"elementor-heading-title elementor-size-default\">Dodaj tu sw\u00f3j tekst nag\u0142\u00f3wka<\/h2>\t\t\t\t<\/div>\n\t\t\t\t<\/div>\n\t\t\t\t\t<\/div>\n\t\t<\/div>\n\t\t\t\t\t<\/div>\n\t\t<\/section>\n\t\t\t\t<\/div>\n\t\t","protected":false},"excerpt":{"rendered":"<p>Aufsichtsrat Prof. Krzysztof \u0141yskawa Vorsitzender des Aufsichtsrats Es vereint Erfahrungen aus der Wissenschaft, Privatunternehmen und Industrieverb\u00e4nden. Seit 1998 ist er auf dem Versicherungsmarkt in Maklerunternehmen t\u00e4tig. Mitglied des Sachversicherungsausschusses der Polnischen Versicherungskammer (Unterausschuss f\u00fcr Agrarversicherungen). Dar\u00fcber hinaus war er Mitglied des Teams, das die Gesch\u00e4ftsstrategie f\u00fcr PTU SA (heute Wiener) vorbereitete. Autor von \u00fcber 100&#8230;<\/p>\n","protected":false},"author":1,"featured_media":0,"parent":2654,"menu_order":0,"comment_status":"closed","ping_status":"closed","template":"elementor_header_footer","meta":{"footnotes":""},"class_list":["post-2656","page","type-page","status-publish","hentry"],"_links":{"self":[{"href":"https:\/\/avemfund.eu\/de\/wp-json\/wp\/v2\/pages\/2656","targetHints":{"allow":["GET"]}}],"collection":[{"href":"https:\/\/avemfund.eu\/de\/wp-json\/wp\/v2\/pages"}],"about":[{"href":"https:\/\/avemfund.eu\/de\/wp-json\/wp\/v2\/types\/page"}],"author":[{"embeddable":true,"href":"https:\/\/avemfund.eu\/de\/wp-json\/wp\/v2\/users\/1"}],"replies":[{"embeddable":true,"href":"https:\/\/avemfund.eu\/de\/wp-json\/wp\/v2\/comments?post=2656"}],"version-history":[{"count":75,"href":"https:\/\/avemfund.eu\/de\/wp-json\/wp\/v2\/pages\/2656\/revisions"}],"predecessor-version":[{"id":3491,"href":"https:\/\/avemfund.eu\/de\/wp-json\/wp\/v2\/pages\/2656\/revisions\/3491"}],"up":[{"embeddable":true,"href":"https:\/\/avemfund.eu\/de\/wp-json\/wp\/v2\/pages\/2654"}],"wp:attachment":[{"href":"https:\/\/avemfund.eu\/de\/wp-json\/wp\/v2\/media?parent=2656"}],"curies":[{"name":"wp","href":"https:\/\/api.w.org\/{rel}","templated":true}]}}